{"id":1002,"date":"2020-04-21T04:00:40","date_gmt":"2020-04-21T09:00:40","guid":{"rendered":"https:\/\/refricolombia.com\/?post_type=product&#038;p=1002"},"modified":"2025-09-10T13:54:22","modified_gmt":"2025-09-10T18:54:22","slug":"horno-rotatorio","status":"publish","type":"product","link":"https:\/\/refricolombia.com\/index.php\/producto\/horno-rotatorio\/","title":{"rendered":"HORNO ROTATORIO"},"content":{"rendered":"<p><span style=\"font-family: helvetica, arial, sans-serif;\">Los <strong>hornos rotatorios<\/strong> son fundamentales en una panader\u00eda que tenga una alta producci\u00f3n debido al su alto rendimiento y bajo consumo tanto de energ\u00eda como de gas. <\/span><\/p>\n<p><span style=\"font-family: helvetica, arial, sans-serif;\">Fabricamos equipos donde se introduce el carro escabiladero con capacidad de 8, 10, 12 o 15 latas.<\/span><\/p>\n<p><span style=\"font-family: helvetica, arial, sans-serif;\">A continuaci\u00f3n se presentan las caracter\u00edsticas generales\u00a0<\/span><\/p>\n<p>&nbsp;<\/p>\n<ul>\n<li><span style=\"font-family: helvetica, arial, sans-serif;\">Equipo elaborado\u00a0 totalmente en acero inoxidable brillante o satinado cal. 20.<\/span><\/li>\n<li><span style=\"font-family: helvetica, arial, sans-serif;\">Piso en platina de HR o en acero<\/span><\/li>\n<li><span style=\"font-family: helvetica, arial, sans-serif;\">Alto de 180 cm, fondo: 127 cm y frente 106 cm<\/span><\/li>\n<li><span style=\"font-family: helvetica, arial, sans-serif;\">Tablero y pir\u00f3metro Autonix<\/span><\/li>\n<li><span style=\"font-family: helvetica, arial, sans-serif;\">Tarjeta y v\u00e1lvula de seguridad\u00a0 con barrido cada 30 seg. Marca HoneyWell.<\/span><\/li>\n<li><span style=\"font-family: helvetica, arial, sans-serif;\">3 carros escabiladeros en tubo para lata corta.<\/span><\/li>\n<li><span style=\"font-family: helvetica, arial, sans-serif;\">Motor de rotaci\u00f3n monof\u00e1sico o trif\u00e1sico.<\/span><\/li>\n<li><span style=\"font-family: helvetica, arial, sans-serif;\">Sistema de c\u00e1mara\u00a0 con soplete por la parte superior que elimina la contaminaci\u00f3n a los productos.<\/span><\/li>\n<li><span style=\"font-family: helvetica, arial, sans-serif;\">Calentamiento a trav\u00e9s de radiaci\u00f3n.<\/span><\/li>\n<li><span style=\"font-family: helvetica, arial, sans-serif;\">Adaptable para funcionar con gas propano o natural.<\/span><\/li>\n<li><span style=\"font-family: helvetica, arial, sans-serif;\">Puerta con vidrio templado que proporciona un buen aislamiento, seguimiento visual al proceso de cocci\u00f3n y una exhibici\u00f3n eficaz de sus productos.<\/span><\/li>\n<li><span style=\"font-family: helvetica, arial, sans-serif;\">3 metros de ducto.<\/span><\/li>\n<\/ul>\n<p>&nbsp;<\/p>\n<p><span style=\"font-family: helvetica, arial, sans-serif; font-size: 14pt;\">Somos <strong>directos fabricantes<\/strong> y elaboramos su equipo seg\u00fan las dimensiones que necesite.<\/span><\/p>\n<p>&nbsp;<\/p>\n<p><span style=\"font-size: 8pt; font-family: helvetica, arial, sans-serif;\">Todos nuestros equipos tienen garant\u00eda de 1 a\u00f1o por defectos de fabricaci\u00f3n y la misma depende del cumplimiento de las condiciones presentadas en el manual de instrucciones. El servicio t\u00e9cnico se realizar\u00e1 dentro del per\u00edmetro urbano de la ciudad de Bogot\u00e1; En caso que fuere necesario realizar un servicio fuera de Bogot\u00e1, la empresa asume el costo de las refacciones y el cliente asume el costo de los vi\u00e1ticos.<\/span><br \/>\n<span style=\"font-size: 8pt; font-family: helvetica, arial, sans-serif;\">En caso que el problema sea causado por falta de mantenimiento o una manipulaci\u00f3n inadecuada del equipo detallada en el manual de operaciones como es el caso de alteraci\u00f3n del control, cambios de voltaje o el uso de conexiones el\u00e9ctricas no apropiadas, extensiones, ubicaci\u00f3n inapropiada, entre otros, es causal de perdida de la garant\u00eda la cual NO sera cubierta por la empresa y tendr\u00e1 un costo adicional por el servicio.<\/span><\/p>\n","protected":false},"excerpt":{"rendered":"<p>Los hornos rotatorios son fundamentales en una panader\u00eda que tenga una alta producci\u00f3n debido al su alto rendimiento y bajo consumo tanto de energ\u00eda como de gas. Fabricamos equipos donde se introduce el carro escabiladero con capacidad de 8, 10, 12 o 15 latas. A continuaci\u00f3n se presentan las caracter\u00edsticas generales\u00a0 &nbsp; Equipo elaborado\u00a0 totalmente &hellip;<\/p>\n","protected":false},"featured_media":1003,"comment_status":"open","ping_status":"closed","template":"","meta":[],"product_brand":[],"product_cat":[16,18,26],"product_tag":[],"class_list":{"0":"post-1002","1":"product","2":"type-product","3":"status-publish","4":"has-post-thumbnail","6":"product_cat-1-linea-cafeteria-panaderia-salon-de-onces","7":"product_cat-equipos-para-panaderia-y-pasteleria","8":"product_cat-hornos-de-panaderia-y-pollos","10":"first","11":"instock","12":"shipping-taxable","13":"product-type-simple"},"_links":{"self":[{"href":"https:\/\/refricolombia.com\/index.php\/wp-json\/wp\/v2\/product\/1002","targetHints":{"allow":["GET"]}}],"collection":[{"href":"https:\/\/refricolombia.com\/index.php\/wp-json\/wp\/v2\/product"}],"about":[{"href":"https:\/\/refricolombia.com\/index.php\/wp-json\/wp\/v2\/types\/product"}],"replies":[{"embeddable":true,"href":"https:\/\/refricolombia.com\/index.php\/wp-json\/wp\/v2\/comments?post=1002"}],"wp:featuredmedia":[{"embeddable":true,"href":"https:\/\/refricolombia.com\/index.php\/wp-json\/wp\/v2\/media\/1003"}],"wp:attachment":[{"href":"https:\/\/refricolombia.com\/index.php\/wp-json\/wp\/v2\/media?parent=1002"}],"wp:term":[{"taxonomy":"product_brand","embeddable":true,"href":"https:\/\/refricolombia.com\/index.php\/wp-json\/wp\/v2\/product_brand?post=1002"},{"taxonomy":"product_cat","embeddable":true,"href":"https:\/\/refricolombia.com\/index.php\/wp-json\/wp\/v2\/product_cat?post=1002"},{"taxonomy":"product_tag","embeddable":true,"href":"https:\/\/refricolombia.com\/index.php\/wp-json\/wp\/v2\/product_tag?post=1002"}],"curies":[{"name":"wp","href":"https:\/\/api.w.org\/{rel}","templated":true}]}}