{"id":1103,"date":"2020-04-24T15:56:18","date_gmt":"2020-04-24T20:56:18","guid":{"rendered":"https:\/\/refricolombia.com\/?post_type=product&#038;p=1103"},"modified":"2025-09-10T13:54:34","modified_gmt":"2025-09-10T18:54:34","slug":"avenera","status":"publish","type":"product","link":"https:\/\/refricolombia.com\/index.php\/producto\/avenera\/","title":{"rendered":"AVENERAS"},"content":{"rendered":"<p><span style=\"font-family: helvetica, arial, sans-serif;\">Las <strong>AVENERAS\u00a0\u00a0<\/strong>son equipos dise\u00f1ados para la refrigeraci\u00f3n de l\u00edquidos como son los jugos y las avenas.<\/span><\/p>\n<p>&nbsp;<\/p>\n<p><span style=\"font-family: helvetica, arial, sans-serif;\">A continuaci\u00f3n podr\u00e1 observar algunos modelos de nuestros equipos y sus caracter\u00edsticas generales.<\/span><\/p>\n<p>&nbsp;<\/p>\n<ul>\n<li><span style=\"font-family: helvetica, arial, sans-serif;\">Equipo elaborado en acero inoxidable satinado o brillante.<\/span><\/li>\n<li><span style=\"font-family: helvetica, arial, sans-serif;\">Atura\u00a0 de 100 cm y di\u00e1metro de 53 cm.<\/span><\/li>\n<li><span style=\"font-family: helvetica, arial, sans-serif;\">Olla interna elaborada en acero inoxidable cal 16 con capacidad total de 40 litros.<\/span><\/li>\n<li><span style=\"font-family: helvetica, arial, sans-serif;\">Tapa con vidrio doble empachado. que permite ver el producto con claridad.<\/span><\/li>\n<li><span style=\"font-family: helvetica, arial, sans-serif;\">Aislamiento por inyecci\u00f3n de poliuretano de alta densidad y libre de CFC\u00b4s<\/span><\/li>\n<li><span style=\"font-family: helvetica, arial, sans-serif;\">Equipo operado con motocompresor Tecumseh de \u00faltima generaci\u00f3n a 110V.<\/span><\/li>\n<li><span style=\"font-family: helvetica, arial, sans-serif;\">El sistema de refrigeraci\u00f3n se maneja a trav\u00e9s de contacto por tuber\u00eda donde se presenta un fr\u00edo h\u00famedo.<\/span><\/li>\n<li><span style=\"font-family: helvetica, arial, sans-serif;\">Equipo soportado sobre ruedas elaboradas PU con doble balinera.<\/span><\/li>\n<li><span style=\"font-family: helvetica, arial, sans-serif;\">Control an\u00e1logo de temperatura con 7 niveles de trabajo.<\/span><\/li>\n<\/ul>\n<p>&nbsp;<\/p>\n<p><span style=\"font-family: helvetica, arial, sans-serif; font-size: 14pt;\">Somos <strong>directos fabricantes<\/strong> y elaboramos su equipo seg\u00fan las dimensiones que necesite.<\/span><\/p>\n<p>&nbsp;<\/p>\n<p><span style=\"font-size: 8pt; font-family: helvetica, arial, sans-serif;\">Todos nuestros equipos tienen garant\u00eda de 1 a\u00f1o por defectos de fabricaci\u00f3n y la misma depende del cumplimiento de las condiciones presentadas en el manual de instrucciones. El servicio t\u00e9cnico se realizar\u00e1 dentro del per\u00edmetro urbano de la ciudad de Bogot\u00e1; En caso que fuere necesario realizar un servicio fuera de Bogot\u00e1, la empresa asume el costo de las refacciones y el cliente asume el costo de los vi\u00e1ticos.<\/span><br \/>\n<span style=\"font-size: 8pt; font-family: helvetica, arial, sans-serif;\">En caso que el problema sea causado por falta de mantenimiento o una manipulaci\u00f3n inadecuada del equipo detallada en el manual de operaciones como es el caso de alteraci\u00f3n del control, cambios de voltaje o el uso de conexiones el\u00e9ctricas no apropiadas, extensiones, ubicaci\u00f3n inapropiada, entre otros, es causal de perdida de la garant\u00eda la cual NO ser\u00e1 cubierta por la empresa y tendr\u00e1 un costo adicional por el servicio.<\/span><\/p>\n","protected":false},"excerpt":{"rendered":"<p>Las AVENERAS\u00a0\u00a0son equipos dise\u00f1ados para la refrigeraci\u00f3n de l\u00edquidos como son los jugos y las avenas. &nbsp; A continuaci\u00f3n podr\u00e1 observar algunos modelos de nuestros equipos y sus caracter\u00edsticas generales. &nbsp; Equipo elaborado en acero inoxidable satinado o brillante. Atura\u00a0 de 100 cm y di\u00e1metro de 53 cm. Olla interna elaborada en acero inoxidable cal &hellip;<\/p>\n","protected":false},"featured_media":1104,"comment_status":"closed","ping_status":"closed","template":"","meta":[],"product_brand":[],"product_cat":[16,28,22],"product_tag":[],"class_list":{"0":"post-1103","1":"product","2":"type-product","3":"status-publish","4":"has-post-thumbnail","6":"product_cat-1-linea-cafeteria-panaderia-salon-de-onces","7":"product_cat-aveneros","8":"product_cat-equipos-para-restaurantes-y-cocinas","10":"first","11":"instock","12":"shipping-taxable","13":"product-type-simple"},"_links":{"self":[{"href":"https:\/\/refricolombia.com\/index.php\/wp-json\/wp\/v2\/product\/1103","targetHints":{"allow":["GET"]}}],"collection":[{"href":"https:\/\/refricolombia.com\/index.php\/wp-json\/wp\/v2\/product"}],"about":[{"href":"https:\/\/refricolombia.com\/index.php\/wp-json\/wp\/v2\/types\/product"}],"replies":[{"embeddable":true,"href":"https:\/\/refricolombia.com\/index.php\/wp-json\/wp\/v2\/comments?post=1103"}],"wp:featuredmedia":[{"embeddable":true,"href":"https:\/\/refricolombia.com\/index.php\/wp-json\/wp\/v2\/media\/1104"}],"wp:attachment":[{"href":"https:\/\/refricolombia.com\/index.php\/wp-json\/wp\/v2\/media?parent=1103"}],"wp:term":[{"taxonomy":"product_brand","embeddable":true,"href":"https:\/\/refricolombia.com\/index.php\/wp-json\/wp\/v2\/product_brand?post=1103"},{"taxonomy":"product_cat","embeddable":true,"href":"https:\/\/refricolombia.com\/index.php\/wp-json\/wp\/v2\/product_cat?post=1103"},{"taxonomy":"product_tag","embeddable":true,"href":"https:\/\/refricolombia.com\/index.php\/wp-json\/wp\/v2\/product_tag?post=1103"}],"curies":[{"name":"wp","href":"https:\/\/api.w.org\/{rel}","templated":true}]}}