{"id":1140,"date":"2022-05-19T19:32:08","date_gmt":"2022-05-20T00:32:08","guid":{"rendered":"https:\/\/refricolombia.com\/?post_type=product&#038;p=1140"},"modified":"2025-09-10T13:54:37","modified_gmt":"2025-09-10T18:54:37","slug":"pastelera-clima-calido","status":"publish","type":"product","link":"https:\/\/refricolombia.com\/index.php\/producto\/pastelera-clima-calido\/","title":{"rendered":"PASTELERA PARA CLIMA CALIDO"},"content":{"rendered":"<p><span style=\"font-family: helvetica, arial, sans-serif;\">Las vitrinas <strong>pasteleras o postreras<\/strong> son equipo dise\u00f1ados exclusivamente para manejar productos bajo una temperatura de refrigeraci\u00f3n, por lo tanto son utilizados en la conservaci\u00f3n de tortas, postres, bebidas, s\u00e1ndwich, emparedados y l\u00e1cteos principalmente.<\/span><\/p>\n<p><span style=\"font-family: helvetica, arial, sans-serif;\">El dise\u00f1o vers\u00e1til de las pasteleras les permite ser fabricadas bien sea con vidrio curvo donde los entrepa\u00f1os son de tama\u00f1os diferentes o con el dise\u00f1o Cubik (totalmente cuadrado a partir de vidrio plano) donde los entrepa\u00f1os son de igual tama\u00f1o.<\/span><\/p>\n<p><span style=\"font-family: helvetica, arial, sans-serif;\">Acorde al tipo de producto que se maneja se pueden fabricar bien sea de 2 entrepa\u00f1os (tortas o gaseosas) o con 3 entrepa\u00f1os (productos porcionados o botellas peque\u00f1as y jugos en caja).<\/span><\/p>\n<p><span style=\"font-family: helvetica, arial, sans-serif;\">Se aplica el sistema de refrigeraci\u00f3n a trav\u00e9s de aire forzado con lo cual se da una distribuci\u00f3n uniforme del fr\u00edo.<\/span><\/p>\n<p><span style=\"font-family: helvetica, arial, sans-serif;\">Hemos realizado dise\u00f1os especiales que se ajustan a los requerimientos de nuestros clientes, en los cuales se dispone de un espacio para refrigeraci\u00f3n y otro para colocar productos al clima.<\/span><\/p>\n<p><span style=\"font-family: helvetica, arial, sans-serif;\">En ciudades con temperaturas c\u00e1lidas (Superiores a los 25\u00b0C) se recomienda utilizar vidrio doble empachado a fin de evitar la formaci\u00f3n de roc\u00edo en la parte externa del equipo.<\/span><\/p>\n<p><span style=\"font-family: helvetica, arial, sans-serif;\">\u00a0A continuaci\u00f3n podr\u00e1 observar algunos modelos de nuestros equipos y sus caracter\u00edsticas generales.<\/span><\/p>\n<ul>\n<li><span style=\"font-family: helvetica, arial, sans-serif;\">Vitrina refrigerada elaborada en acero inoxidable brillante o satinado.<\/span><\/li>\n<li><span style=\"font-family: helvetica, arial, sans-serif;\">Elaborada la parte externa con vidrio crudo doble biselado y pulido, de esa forma se evita la formaci\u00f3n de condensado enla parte externa del equipo.<\/span><\/li>\n<li><span style=\"font-family: helvetica, arial, sans-serif;\">En las modelos Cubik se coloca bocel en el contorno de los vidrios en acero o en l\u00e1mina pintada<\/span><\/li>\n<li><span style=\"font-family: helvetica, arial, sans-serif;\">Laterales en pintura seg\u00fan selecci\u00f3n del cliente<\/span><\/li>\n<li><span style=\"font-family: helvetica, arial, sans-serif;\">Aislamiento por inyecci\u00f3n de poliuretano de alta densidad y libre de CFC\u00b4s<\/span><\/li>\n<li><span style=\"font-family: helvetica, arial, sans-serif;\">Equipo operado con motocompresor Tecumseh de \u00faltima generaci\u00f3n a 110V.<\/span><\/li>\n<li><span style=\"font-family: helvetica, arial, sans-serif;\">Sistema de refrigeraci\u00f3n a trav\u00e9s de aire forzado que da frio uniforme a todos los entrepa\u00f1os.<\/span><\/li>\n<li><span style=\"font-family: helvetica, arial, sans-serif;\">Puertas selladas o en vidrio de m\u00e1xima apertura<\/span><\/li>\n<li><span style=\"font-family: helvetica, arial, sans-serif;\">Equipo soportado sobre ruedas elaboradas PU con doble balinera.<\/span><\/li>\n<li><span style=\"font-family: helvetica, arial, sans-serif;\">Unidad ubicada en la parte inferior con autoevaporador de condensado.<\/span><\/li>\n<li><span style=\"font-family: helvetica, arial, sans-serif;\">Control digital con indicador de temperatura.<\/span><\/li>\n<li><span style=\"font-family: helvetica, arial, sans-serif;\">Rango de operaci\u00f3n con control digital entre 0 a 6 \u00b0C.<\/span><\/li>\n<li><span style=\"font-family: helvetica, arial, sans-serif;\">Protector de voltaje (opcional .<\/span><\/li>\n<li><span style=\"font-family: helvetica, arial, sans-serif;\">Luz interior LED.<\/span><\/li>\n<\/ul>\n<p>&nbsp;<\/p>\n<p><span style=\"font-family: helvetica, arial, sans-serif;\"><strong>Nota:<\/strong> Para clima c\u00e1lido se recomienda que\u00a0la parte externa sea con vidrio crudo biselado y pulido empachado.<\/span><\/p>\n<p>&nbsp;<\/p>\n<p><span style=\"font-family: helvetica, arial, sans-serif; font-size: 14pt;\">Somos <strong>directos fabricantes<\/strong> y elaboramos su equipo seg\u00fan las dimensiones que necesite.<\/span><\/p>\n<p>&nbsp;<\/p>\n<p><span style=\"font-size: 8pt; font-family: helvetica, arial, sans-serif;\">Todos nuestros equipos tienen garant\u00eda de 1 a\u00f1o por defectos de fabricaci\u00f3n y la misma depende del cumplimiento de las condiciones presentadas en el manual de instrucciones. El servicio t\u00e9cnico se realizar\u00e1 dentro del per\u00edmetro urbano de la ciudad de Bogot\u00e1; En caso que fuere necesario realizar un servicio fuera de Bogot\u00e1, la empresa asume el costo de las refacciones y el cliente asume el costo de los vi\u00e1ticos.<\/span><br \/>\n<span style=\"font-size: 8pt; font-family: helvetica, arial, sans-serif;\">En caso que el problema sea causado por falta de mantenimiento o una manipulaci\u00f3n inadecuada del equipo detallada en el manual de operaciones como es el caso de alteraci\u00f3n del control, cambios de voltaje o el uso de conexiones el\u00e9ctricas no apropiadas, extensiones, ubicaci\u00f3n inapropiada, entre otros, es causal de perdida de la garant\u00eda la cual NO sera cubierta por la empresa y tendr\u00e1 un costo adicional por el servicio.<\/span><\/p>\n","protected":false},"excerpt":{"rendered":"<p>Las vitrinas pasteleras o postreras son equipo dise\u00f1ados exclusivamente para manejar productos bajo una temperatura de refrigeraci\u00f3n, por lo tanto son utilizados en la conservaci\u00f3n de tortas, postres, bebidas, s\u00e1ndwich, emparedados y l\u00e1cteos principalmente. El dise\u00f1o vers\u00e1til de las pasteleras les permite ser fabricadas bien sea con vidrio curvo donde los entrepa\u00f1os son de tama\u00f1os &hellip;<\/p>\n","protected":false},"featured_media":1141,"comment_status":"closed","ping_status":"closed","template":"","meta":[],"product_brand":[],"product_cat":[16,19],"product_tag":[],"class_list":{"0":"post-1140","1":"product","2":"type-product","3":"status-publish","4":"has-post-thumbnail","6":"product_cat-1-linea-cafeteria-panaderia-salon-de-onces","7":"product_cat-vitrina-pastelera","9":"first","10":"instock","11":"shipping-taxable","12":"product-type-simple"},"_links":{"self":[{"href":"https:\/\/refricolombia.com\/index.php\/wp-json\/wp\/v2\/product\/1140","targetHints":{"allow":["GET"]}}],"collection":[{"href":"https:\/\/refricolombia.com\/index.php\/wp-json\/wp\/v2\/product"}],"about":[{"href":"https:\/\/refricolombia.com\/index.php\/wp-json\/wp\/v2\/types\/product"}],"replies":[{"embeddable":true,"href":"https:\/\/refricolombia.com\/index.php\/wp-json\/wp\/v2\/comments?post=1140"}],"wp:featuredmedia":[{"embeddable":true,"href":"https:\/\/refricolombia.com\/index.php\/wp-json\/wp\/v2\/media\/1141"}],"wp:attachment":[{"href":"https:\/\/refricolombia.com\/index.php\/wp-json\/wp\/v2\/media?parent=1140"}],"wp:term":[{"taxonomy":"product_brand","embeddable":true,"href":"https:\/\/refricolombia.com\/index.php\/wp-json\/wp\/v2\/product_brand?post=1140"},{"taxonomy":"product_cat","embeddable":true,"href":"https:\/\/refricolombia.com\/index.php\/wp-json\/wp\/v2\/product_cat?post=1140"},{"taxonomy":"product_tag","embeddable":true,"href":"https:\/\/refricolombia.com\/index.php\/wp-json\/wp\/v2\/product_tag?post=1140"}],"curies":[{"name":"wp","href":"https:\/\/api.w.org\/{rel}","templated":true}]}}