{"id":1450,"date":"2020-04-21T03:27:27","date_gmt":"2020-04-21T08:27:27","guid":{"rendered":"https:\/\/refricolombia.com\/?post_type=product&#038;p=1450"},"modified":"2025-09-10T13:54:41","modified_gmt":"2025-09-10T18:54:41","slug":"barras-especiales","status":"publish","type":"product","link":"https:\/\/refricolombia.com\/index.php\/producto\/barras-especiales\/","title":{"rendered":"BARRAS Y MESAS DE TRABAJO ESPECIALES"},"content":{"rendered":"<ul>\n<li><span style=\"font-family: helvetica, arial, sans-serif;\">Equipo elaborado en acero inoxidable brillante o satinado.<\/span><\/li>\n<li><span style=\"font-family: helvetica, arial, sans-serif;\">Dimensiones: Alto total 90 cm y ancho o profundidad total de 70 cm.<\/span><\/li>\n<li><span style=\"font-family: helvetica, arial, sans-serif;\">Aislamiento por inyecci\u00f3n de poliuretano de alta densidad y libre de CFC\u00b4s.<\/span><\/li>\n<li><span style=\"font-family: helvetica, arial, sans-serif;\">Equipo operado con un motocompresor de \u00faltima generaci\u00f3n, con luz a 110V.<\/span><\/li>\n<li><span style=\"font-family: helvetica, arial, sans-serif;\">El sistema refrigeraci\u00f3n es a partir de aire forzado (No forma escarcha). La parte de congelaci\u00f3n a trav\u00e9s de contacto directo por tuber\u00eda (Forma escarcha).<\/span><\/li>\n<li><span style=\"font-family: helvetica, arial, sans-serif;\">Puerta sellada con cierre magn\u00e9tico y bisagra de tambor para una m\u00e1xima apertura.<\/span><\/li>\n<li><span style=\"font-family: helvetica, arial, sans-serif;\">Equipo soportado en ruedas elaboradas PU con doble balinera.<\/span><\/li>\n<li><span style=\"font-family: helvetica, arial, sans-serif;\">Unidad ubicada al interior del equipo con evaporador de agua.<\/span><\/li>\n<li><span style=\"font-family: helvetica, arial, sans-serif;\">Control digital con indicador de temperatura.<\/span><\/li>\n<li><span style=\"font-family: helvetica, arial, sans-serif;\">Rango de operaci\u00f3n para refrigeraci\u00f3n de 1 a 6\u00b0C, congelaci\u00f3n entre -18 a\u00a0 -25\u00b0C.<\/span><\/li>\n<\/ul>\n<p>&nbsp;<\/p>\n<p><span style=\"font-family: helvetica, arial, sans-serif; font-size: 14pt;\">Somos <strong>directos fabricantes<\/strong> y elaboramos su equipo seg\u00fan las dimensiones que necesite.<\/span><\/p>\n<p>&nbsp;<\/p>\n<p><span style=\"font-size: 8pt; font-family: helvetica, arial, sans-serif;\">Todos nuestros equipos tienen garant\u00eda de 1 a\u00f1o por defectos de fabricaci\u00f3n y la misma depende del cumplimiento de las condiciones presentadas en el manual de instrucciones. El servicio t\u00e9cnico se realizar\u00e1 dentro del per\u00edmetro urbano de la ciudad de Bogot\u00e1; En caso que fuere necesario realizar un servicio fuera de Bogot\u00e1, la empresa asume el costo de las refacciones y el cliente asume el costo de los vi\u00e1ticos.<\/span><br \/>\n<span style=\"font-size: 8pt; font-family: helvetica, arial, sans-serif;\">En caso que el problema sea causado por falta de mantenimiento o una manipulaci\u00f3n inadecuada del equipo detallada en el manual de operaciones como es el caso de alteraci\u00f3n del control, cambios de voltaje o el uso de conexiones el\u00e9ctricas no apropiadas, extensiones, ubicaci\u00f3n inapropiada, entre otros, es causal de perdida de la garant\u00eda la cual NO sera cubierta por la empresa y tendr\u00e1 un costo adicional por el servicio.<\/span><\/p>\n","protected":false},"excerpt":{"rendered":"<p>Equipo elaborado en acero inoxidable brillante o satinado. Dimensiones: Alto total 90 cm y ancho o profundidad total de 70 cm. Aislamiento por inyecci\u00f3n de poliuretano de alta densidad y libre de CFC\u00b4s. Equipo operado con un motocompresor de \u00faltima generaci\u00f3n, con luz a 110V. El sistema refrigeraci\u00f3n es a partir de aire forzado (No &hellip;<\/p>\n","protected":false},"featured_media":1451,"comment_status":"open","ping_status":"closed","template":"","meta":[],"product_brand":[],"product_cat":[16,21,17,25,18,22],"product_tag":[],"class_list":{"0":"post-1450","1":"product","2":"type-product","3":"status-publish","4":"has-post-thumbnail","6":"product_cat-1-linea-cafeteria-panaderia-salon-de-onces","7":"product_cat-3-linea-restaurantes-food-truck","8":"product_cat-4-linea-institucional","9":"product_cat-barras-y-mesas-de-trabajo","10":"product_cat-equipos-para-panaderia-y-pasteleria","11":"product_cat-equipos-para-restaurantes-y-cocinas","13":"first","14":"instock","15":"shipping-taxable","16":"product-type-simple"},"_links":{"self":[{"href":"https:\/\/refricolombia.com\/index.php\/wp-json\/wp\/v2\/product\/1450","targetHints":{"allow":["GET"]}}],"collection":[{"href":"https:\/\/refricolombia.com\/index.php\/wp-json\/wp\/v2\/product"}],"about":[{"href":"https:\/\/refricolombia.com\/index.php\/wp-json\/wp\/v2\/types\/product"}],"replies":[{"embeddable":true,"href":"https:\/\/refricolombia.com\/index.php\/wp-json\/wp\/v2\/comments?post=1450"}],"wp:featuredmedia":[{"embeddable":true,"href":"https:\/\/refricolombia.com\/index.php\/wp-json\/wp\/v2\/media\/1451"}],"wp:attachment":[{"href":"https:\/\/refricolombia.com\/index.php\/wp-json\/wp\/v2\/media?parent=1450"}],"wp:term":[{"taxonomy":"product_brand","embeddable":true,"href":"https:\/\/refricolombia.com\/index.php\/wp-json\/wp\/v2\/product_brand?post=1450"},{"taxonomy":"product_cat","embeddable":true,"href":"https:\/\/refricolombia.com\/index.php\/wp-json\/wp\/v2\/product_cat?post=1450"},{"taxonomy":"product_tag","embeddable":true,"href":"https:\/\/refricolombia.com\/index.php\/wp-json\/wp\/v2\/product_tag?post=1450"}],"curies":[{"name":"wp","href":"https:\/\/api.w.org\/{rel}","templated":true}]}}