{"id":1812,"date":"2020-04-20T01:59:39","date_gmt":"2020-04-20T06:59:39","guid":{"rendered":"https:\/\/refricolombia.com\/?post_type=product&#038;p=1812"},"modified":"2025-09-10T13:54:42","modified_gmt":"2025-09-10T18:54:42","slug":"autoservicio-2","status":"publish","type":"product","link":"https:\/\/refricolombia.com\/index.php\/producto\/autoservicio-2\/","title":{"rendered":"AUTOSERVICIO"},"content":{"rendered":"<p><span style=\"font-family: helvetica, arial, sans-serif;\">Las vitrinas de <strong>AUTOSERVICIO<\/strong> son equipos vers\u00e1tiles debido a su gran capacidad de almacenamiento y facilidad de ubicaci\u00f3n de los productos debido a sus entrepa\u00f1os ajustables. En ellas los productos est\u00e1n al acceso directo del cliente (No tienen puertas y son completamente abiertos).<\/span><\/p>\n<p><span style=\"font-family: helvetica, arial, sans-serif;\">Este equipo se recomienda para el almacenamiento de productos perecederos como son l\u00e1cteos, yogurth, verduras, frutas y carnes fr\u00edas procesadas y alimentos levemente procesados (arepas, tortillas, entre otros), al igual que para bebidas como gaseosa, cerveza o licores.<\/span><\/p>\n<p><span style=\"font-family: helvetica, arial, sans-serif;\">Las vitrinas de autoservicio se fabrican seg\u00fan las medidas que requiera el cliente, no obstante por lo general se maneja una altura total de 2 mt, el fondo total del equipo es de 70 cm, y el frente o ancho del equipo depende del espacio que disponga el cliente en su local comercial.<\/span><\/p>\n<p><span style=\"font-family: helvetica, arial, sans-serif;\">La unidad se puede colocar en la parte superior del equipo, en la parte inferior o a un costado, aunque se recomienda que se ubique en la parte inferior para facilitar la limpieza y reducir el consumo de energ\u00eda.<\/span><\/p>\n<p><span style=\"font-family: helvetica, arial, sans-serif;\">A continuaci\u00f3n podr\u00e1 observar algunos modelos de nuestros equipos y sus caracter\u00edsticas generales.<\/span><\/p>\n<p>&nbsp;<\/p>\n<ul>\n<li><span style=\"font-family: helvetica, arial, sans-serif; font-size: 12pt;\">Equipo elaborado en acero inoxidable brillante o satinado<\/span><\/li>\n<li><span style=\"font-family: helvetica, arial, sans-serif; font-size: 12pt;\">Aislamiento por inyecci\u00f3n de poliuretano de alta densidad y libre de CFC\u00b4s<\/span><\/li>\n<li><span style=\"font-family: helvetica, arial, sans-serif; font-size: 12pt;\">Equipo operado con un motocompresor de \u00faltima generaci\u00f3n, con luz a 110V o 220V.<\/span><\/li>\n<li><span style=\"font-family: helvetica, arial, sans-serif; font-size: 12pt;\">El sistema de refrigeraci\u00f3n a trav\u00e9s de aire forzado No frost (No forma escarcha).<\/span><\/li>\n<li><span style=\"font-family: helvetica, arial, sans-serif; font-size: 12pt;\">Equipo soportado en ruedas elaboradas PU con doble balinera.<\/span><\/li>\n<li><span style=\"font-family: helvetica, arial, sans-serif; font-size: 12pt;\">Unidad ubicada en la parte inferior con evaporador de agua.<\/span><\/li>\n<li><span style=\"font-family: helvetica, arial, sans-serif; font-size: 12pt;\">Entrepa\u00f1os de altura variable.<\/span><\/li>\n<li><span style=\"font-family: helvetica, arial, sans-serif; font-size: 12pt;\">Control digital con indicador de temperatura.<\/span><\/li>\n<li><span style=\"font-family: helvetica, arial, sans-serif; font-size: 12pt;\">Sistema de iluminaci\u00f3n con luz LED.<\/span><\/li>\n<li><span style=\"font-family: helvetica, arial, sans-serif; font-size: 12pt;\">Cortina t\u00e9rmica (opcional).<\/span><\/li>\n<li><span style=\"font-family: helvetica, arial, sans-serif; font-size: 12pt;\">Rango de operaci\u00f3n para refrigeraci\u00f3n entre 0 a 6\u00b0C.<\/span><\/li>\n<\/ul>\n<p>&nbsp;<\/p>\n<p><span style=\"font-family: helvetica, arial, sans-serif; font-size: 14pt;\">Somos <strong>directos fabricantes<\/strong> y elaboramos su equipo seg\u00fan las dimensiones que necesite.\u00a0<\/span><\/p>\n<p>&nbsp;<\/p>\n<p><span style=\"font-size: 8pt; font-family: helvetica, arial, sans-serif;\">Todos nuestros equipos tienen garant\u00eda de 1 a\u00f1o por defectos de fabricaci\u00f3n y la misma depende del cumplimiento de las condiciones presentadas en el manual de instrucciones. El servicio t\u00e9cnico se realizar\u00e1 dentro del per\u00edmetro urbano de la ciudad de Bogot\u00e1; En caso que fuere necesario realizar un servicio fuera de Bogot\u00e1, la empresa asume el costo de las refacciones y el cliente asume el costo de los vi\u00e1ticos.<\/span><br \/>\n<span style=\"font-size: 8pt; font-family: helvetica, arial, sans-serif;\">En caso que el problema sea causado por falta de mantenimiento o una manipulaci\u00f3n inadecuada del equipo detallada en el manual de operaciones como es el caso de alteraci\u00f3n del control, cambios de voltaje o el uso de conexiones el\u00e9ctricas no apropiadas, extensiones, ubicaci\u00f3n inapropiada, entre otros, es causal de perdida de la garant\u00eda la cual NO sera cubierta por la empresa y tendr\u00e1 un costo adicional por el servicio.<\/span><\/p>\n","protected":false},"excerpt":{"rendered":"<p>Las vitrinas de AUTOSERVICIO son equipos vers\u00e1tiles debido a su gran capacidad de almacenamiento y facilidad de ubicaci\u00f3n de los productos debido a sus entrepa\u00f1os ajustables. En ellas los productos est\u00e1n al acceso directo del cliente (No tienen puertas y son completamente abiertos). Este equipo se recomienda para el almacenamiento de productos perecederos como son &hellip;<\/p>\n","protected":false},"featured_media":1813,"comment_status":"closed","ping_status":"closed","template":"","meta":[],"product_brand":[],"product_cat":[16,20,17,23],"product_tag":[],"class_list":{"0":"post-1812","1":"product","2":"type-product","3":"status-publish","4":"has-post-thumbnail","6":"product_cat-1-linea-cafeteria-panaderia-salon-de-onces","7":"product_cat-2-linea-carnicerias-fruteria-salsamentaria-tiendas","8":"product_cat-4-linea-institucional","9":"product_cat-nevera-vertical","11":"first","12":"instock","13":"shipping-taxable","14":"product-type-simple"},"_links":{"self":[{"href":"https:\/\/refricolombia.com\/index.php\/wp-json\/wp\/v2\/product\/1812","targetHints":{"allow":["GET"]}}],"collection":[{"href":"https:\/\/refricolombia.com\/index.php\/wp-json\/wp\/v2\/product"}],"about":[{"href":"https:\/\/refricolombia.com\/index.php\/wp-json\/wp\/v2\/types\/product"}],"replies":[{"embeddable":true,"href":"https:\/\/refricolombia.com\/index.php\/wp-json\/wp\/v2\/comments?post=1812"}],"wp:featuredmedia":[{"embeddable":true,"href":"https:\/\/refricolombia.com\/index.php\/wp-json\/wp\/v2\/media\/1813"}],"wp:attachment":[{"href":"https:\/\/refricolombia.com\/index.php\/wp-json\/wp\/v2\/media?parent=1812"}],"wp:term":[{"taxonomy":"product_brand","embeddable":true,"href":"https:\/\/refricolombia.com\/index.php\/wp-json\/wp\/v2\/product_brand?post=1812"},{"taxonomy":"product_cat","embeddable":true,"href":"https:\/\/refricolombia.com\/index.php\/wp-json\/wp\/v2\/product_cat?post=1812"},{"taxonomy":"product_tag","embeddable":true,"href":"https:\/\/refricolombia.com\/index.php\/wp-json\/wp\/v2\/product_tag?post=1812"}],"curies":[{"name":"wp","href":"https:\/\/api.w.org\/{rel}","templated":true}]}}