{"id":2366,"date":"2022-11-12T13:25:14","date_gmt":"2022-11-12T18:25:14","guid":{"rendered":"https:\/\/refricolombia.com\/?post_type=product&#038;p=2366"},"modified":"2025-09-10T13:54:47","modified_gmt":"2025-09-10T18:54:47","slug":"vertical-congelacion-por-tuberia-frost","status":"publish","type":"product","link":"https:\/\/refricolombia.com\/index.php\/producto\/vertical-congelacion-por-tuberia-frost\/","title":{"rendered":"VERTICAL CONGELACION POR TUBERIA (FROST)"},"content":{"rendered":"<p><span style=\"font-family: helvetica, arial, sans-serif;\">Las vitrinas <strong>verticales de congelaci\u00f3n por tuber\u00eda <\/strong>son equipos vers\u00e1tiles debido a su gran capacidad de almacenamiento y facilidad de ubicaci\u00f3n de los productos debido a sus entrepa\u00f1os fijos.<br \/>\n<\/span><\/p>\n<p><span style=\"font-family: helvetica, arial, sans-serif;\">Este equipo se recomienda para el almacenamiento de productos perecederos como son carnes, pollo, pescado, helado,pre-cocidos, verduras, pulpas, masas de panader\u00eda, hielo, entre otros.<\/span><\/p>\n<p><span style=\"font-family: helvetica, arial, sans-serif;\">Las vitrinas verticales se fabrican seg\u00fan las medidas que requiera el cliente, no obstante por lo general se maneja una altura total de 2 mt, el fondo total del equipo contando el grosor de la puerta es de 80 cm, y el frente o ancho del equipo depende del espacio que disponga el cliente en su local comercial.<\/span><\/p>\n<p><span style=\"font-family: helvetica, arial, sans-serif;\">La unidad se puede colocar en la parte superior del equipo, en la parte inferior o a un costado, aunque se recomienda que se ubique en la parte inferior para facilitar la limpieza y reducir el consumo de energ\u00eda.<\/span><\/p>\n<p><span style=\"font-size: 12pt; font-family: helvetica, arial, sans-serif; color: #32373c;\">A continuaci\u00f3n podr\u00e1 observar algunos modelos de nuestros equipos y sus caracter\u00edsticas generales.<\/span><\/p>\n<ul>\n<li><span style=\"font-family: helvetica, arial, sans-serif;\">Equipo elaborado en acero inoxidable brillante o satinado<\/span><\/li>\n<li><span style=\"font-family: helvetica, arial, sans-serif;\">Aislamiento por inyecci\u00f3n de poliuretano de alta densidad y libre de CFC\u00b4s<\/span><\/li>\n<li><span style=\"font-family: helvetica, arial, sans-serif;\">Equipo operado con un motocompresor de \u00faltima generaci\u00f3n, con luz a 110V.<\/span><\/li>\n<li><span style=\"font-family: helvetica, arial, sans-serif;\">Sistema de refrigeraci\u00f3n a trav\u00e9s de aire forzado No frost (No forma escarcha). La parte de congelaci\u00f3n se puede hacer por contacto directo por tuber\u00eda fija (Forma escarcha) o sistema de aire forzado ( No frost)<\/span><\/li>\n<li><span style=\"font-family: helvetica, arial, sans-serif;\">Puerta sellada o en vidrio con cierre magn\u00e9tico y bisagra de tambor para una m\u00e1xima apertura.<\/span><\/li>\n<li><span style=\"font-family: helvetica, arial, sans-serif;\">Laterales sellado\u00a0 o en vidrio tipo panor\u00e1mica.<\/span><\/li>\n<li><span style=\"font-family: helvetica, arial, sans-serif;\">Equipo soportado en ruedas elaboradas PU con doble balinera.<\/span><\/li>\n<li><span style=\"font-family: helvetica, arial, sans-serif;\">La parte de congelaci\u00f3n por tuber\u00eda se usar entrepa\u00f1o fijo (Forma escarcha &#8211; Frost).<br \/>\n<\/span><\/li>\n<li><span style=\"font-family: helvetica, arial, sans-serif;\">Control digital con indicador de temperatura.<\/span><\/li>\n<li><span style=\"font-family: helvetica, arial, sans-serif;\">Rango de operaci\u00f3n para congelaci\u00f3n entre -10 a -20 \u00b0C.<\/span><\/li>\n<\/ul>\n<p>&nbsp;<\/p>\n<p><span style=\"font-family: helvetica, arial, sans-serif; font-size: 14pt;\">Somos <strong>directos\u00a0<\/strong><\/span><strong><span style=\"font-family: helvetica, arial, sans-serif; font-size: 18.6667px;\">fabricantes<\/span><\/strong><span style=\"font-family: helvetica, arial, sans-serif; font-size: 14pt;\">\u00a0y elaboramos su equipo seg\u00fan las dimensiones que necesite.<\/span><\/p>\n<p>&nbsp;<\/p>\n<p><span style=\"font-size: 8pt; font-family: helvetica, arial, sans-serif;\">Todos nuestros equipos tienen garant\u00eda de 1 a\u00f1o por defectos de fabricaci\u00f3n y la misma depende del cumplimiento de las condiciones presentadas en el manual de instrucciones. El servicio t\u00e9cnico se realizar\u00e1 dentro del per\u00edmetro urbano de la ciudad de Bogot\u00e1; En caso que fuere necesario realizar un servicio fuera de Bogot\u00e1, la empresa asume el costo de las refacciones y el cliente asume el costo de los vi\u00e1ticos.<\/span><br \/>\n<span style=\"font-size: 8pt; font-family: helvetica, arial, sans-serif;\">En caso que el problema sea causado por falta de mantenimiento o una manipulaci\u00f3n inadecuada del equipo detallada en el manual de operaciones como es el caso de alteraci\u00f3n del control, cambios de voltaje o el uso de conexiones el\u00e9ctricas no apropiadas, extensiones, ubicaci\u00f3n inapropiada, entre otros, es causal de perdida de la garant\u00eda la cual NO sera cubierta por la empresa y tendr\u00e1 un costo adicional por el servicio.<\/span><\/p>\n","protected":false},"excerpt":{"rendered":"<p>Las vitrinas verticales de congelaci\u00f3n por tuber\u00eda son equipos vers\u00e1tiles debido a su gran capacidad de almacenamiento y facilidad de ubicaci\u00f3n de los productos debido a sus entrepa\u00f1os fijos. Este equipo se recomienda para el almacenamiento de productos perecederos como son carnes, pollo, pescado, helado,pre-cocidos, verduras, pulpas, masas de panader\u00eda, hielo, entre otros. Las vitrinas &hellip;<\/p>\n","protected":false},"featured_media":716,"comment_status":"open","ping_status":"closed","template":"","meta":[],"product_brand":[],"product_cat":[16,20,21,17,22,23],"product_tag":[],"class_list":{"0":"post-2366","1":"product","2":"type-product","3":"status-publish","4":"has-post-thumbnail","6":"product_cat-1-linea-cafeteria-panaderia-salon-de-onces","7":"product_cat-2-linea-carnicerias-fruteria-salsamentaria-tiendas","8":"product_cat-3-linea-restaurantes-food-truck","9":"product_cat-4-linea-institucional","10":"product_cat-equipos-para-restaurantes-y-cocinas","11":"product_cat-nevera-vertical","13":"first","14":"instock","15":"shipping-taxable","16":"product-type-simple"},"_links":{"self":[{"href":"https:\/\/refricolombia.com\/index.php\/wp-json\/wp\/v2\/product\/2366","targetHints":{"allow":["GET"]}}],"collection":[{"href":"https:\/\/refricolombia.com\/index.php\/wp-json\/wp\/v2\/product"}],"about":[{"href":"https:\/\/refricolombia.com\/index.php\/wp-json\/wp\/v2\/types\/product"}],"replies":[{"embeddable":true,"href":"https:\/\/refricolombia.com\/index.php\/wp-json\/wp\/v2\/comments?post=2366"}],"wp:featuredmedia":[{"embeddable":true,"href":"https:\/\/refricolombia.com\/index.php\/wp-json\/wp\/v2\/media\/716"}],"wp:attachment":[{"href":"https:\/\/refricolombia.com\/index.php\/wp-json\/wp\/v2\/media?parent=2366"}],"wp:term":[{"taxonomy":"product_brand","embeddable":true,"href":"https:\/\/refricolombia.com\/index.php\/wp-json\/wp\/v2\/product_brand?post=2366"},{"taxonomy":"product_cat","embeddable":true,"href":"https:\/\/refricolombia.com\/index.php\/wp-json\/wp\/v2\/product_cat?post=2366"},{"taxonomy":"product_tag","embeddable":true,"href":"https:\/\/refricolombia.com\/index.php\/wp-json\/wp\/v2\/product_tag?post=2366"}],"curies":[{"name":"wp","href":"https:\/\/api.w.org\/{rel}","templated":true}]}}