{"id":2425,"date":"2023-01-13T13:41:52","date_gmt":"2023-01-13T18:41:52","guid":{"rendered":"https:\/\/refricolombia.com\/?post_type=product&#038;p=2425"},"modified":"2025-09-10T13:54:49","modified_gmt":"2025-09-10T18:54:49","slug":"nevera-panoramica-sin-bodega","status":"publish","type":"product","link":"https:\/\/refricolombia.com\/index.php\/producto\/nevera-panoramica-sin-bodega\/","title":{"rendered":"NEVERA PANOR\u00c1MICA (SIN BODEGA)"},"content":{"rendered":"<p style=\"line-height: 18.0pt; background: white; margin: 1.5pt 0cm 9.6pt 0cm;\"><span style=\"font-size: 12pt; font-family: helvetica, arial, sans-serif; color: #32373c;\">Las neveras de exhibici\u00f3n <strong>panor\u00e1micas<\/strong> son equipos de un solo ambiente(refrigeraci\u00f3n o congelaci\u00f3n)\u00a0 para el almacenamiento de producto, por lo cual <\/span><span style=\"font-size: 12pt; font-family: helvetica, arial, sans-serif; color: #32373c;\">este tipo de equipos se maneja con 1 sola temperatura para todo el equipo, tal es el caso en las neveras para l\u00e1cteos, bebidas, carnes, pollo o pescado.<\/span><\/p>\n<p style=\"line-height: 18.0pt; background: white; overflow-wrap: break-word; font-variant-ligatures: normal; font-variant-caps: normal; orphans: 2; text-align: start; widows: 2; -webkit-text-stroke-width: 0px; text-decoration-style: initial; text-decoration-color: initial; word-spacing: 0px; margin: 1.5pt 0cm 9.6pt 0cm;\"><span style=\"font-size: 12pt; font-family: helvetica, arial, sans-serif; color: #32373c;\">Cuando el equipo es para refrigeraci\u00f3n se puede manejar por tuber\u00eda (forma una leve escarcha y los entrepa\u00f1os pueden permanecer h\u00famedos) o por sistema de aire forzado donde los entrepa\u00f1os permanecen completamente secos.<br \/>\n<\/span><\/p>\n<p style=\"line-height: 18.0pt; background: white; overflow-wrap: break-word; font-variant-ligatures: normal; font-variant-caps: normal; orphans: 2; text-align: start; widows: 2; -webkit-text-stroke-width: 0px; text-decoration-style: initial; text-decoration-color: initial; word-spacing: 0px; margin: 1.5pt 0cm 9.6pt 0cm;\"><span style=\"font-size: 12pt; font-family: helvetica, arial, sans-serif; color: #32373c;\">Este tipo de equipos se pueden dise\u00f1ar bien sea empleando el vidrio empachado completamente plano que es formato tradicional o vidrio curvo el cual resalta el equipo y lo hace mas atrayente.<\/span><\/p>\n<p style=\"line-height: 18.0pt; background: white; overflow-wrap: break-word; font-variant-ligatures: normal; font-variant-caps: normal; orphans: 2; text-align: start; widows: 2; -webkit-text-stroke-width: 0px; text-decoration-style: initial; text-decoration-color: initial; word-spacing: 0px; margin: 1.5pt 0cm 9.6pt 0cm;\"><span style=\"font-size: 12pt; font-family: helvetica, arial, sans-serif; color: #32373c;\">La unidad se puede colocar en el interior del equipo (unidad incorporada) o dentro del casillero que obedece al mueble donde se coloca la caja registradora o pesa. La ubicaci\u00f3n del mueble va acorde a la necesidad del cliente.<\/span><\/p>\n<p style=\"line-height: 18.0pt; background: white; overflow-wrap: break-word; font-variant-ligatures: normal; font-variant-caps: normal; orphans: 2; text-align: start; widows: 2; -webkit-text-stroke-width: 0px; text-decoration-style: initial; text-decoration-color: initial; word-spacing: 0px; margin: 1.5pt 0cm 9.6pt 0cm;\"><span style=\"font-size: 12pt; font-family: helvetica, arial, sans-serif; color: #32373c;\">El tama\u00f1o del equipo depende de la cantidad de bandejas que se coloquen en el tendido interior, por lo cual su precio obedece a la longitud del tendido y modelo del vidrio.<\/span><\/p>\n<p><span style=\"font-family: helvetica, arial, sans-serif;\">A continuaci\u00f3n podr\u00e1 observar algunos modelos de nuestros equipos y sus caracter\u00edsticas generales.<\/span><\/p>\n<p>&nbsp;<\/p>\n<ul>\n<li><span style=\"font-family: helvetica, arial, sans-serif;\">Equipo elaborado en acero inoxidable satinado o brillante.<\/span><\/li>\n<li><span style=\"font-family: helvetica, arial, sans-serif;\">Atura total standar de 130 cm con lo cual se manejan 3 entrepa\u00f1os y el tendido (4 espacios o niveles) para la exhibici\u00f3n de producto.<\/span><\/li>\n<li><span style=\"font-family: helvetica, arial, sans-serif;\">Si el equipo se requiere de 150 cm de altura, se manejan 4 entrepa\u00f1os\u00a0 y el tendido (5 espacios o niveles ) para la exhibici\u00f3n de producto.<\/span><\/li>\n<li><span style=\"font-family: helvetica, arial, sans-serif;\">El vidrio siempre es empachado y puede ser plano (tradicional) o vidrio curvo.<\/span><\/li>\n<li><span style=\"font-family: helvetica, arial, sans-serif;\">Aislamiento por inyecci\u00f3n de poliuretano de alta densidad y libre de CFC\u00b4s<\/span><\/li>\n<li><span style=\"font-family: helvetica, arial, sans-serif;\">Equipo operado con motocompresor Tecumseh de \u00faltima generaci\u00f3n a 110V.<\/span><\/li>\n<li><span style=\"font-family: helvetica, arial, sans-serif;\">El sistema de refrigeraci\u00f3n se puede manejar a trav\u00e9s de aire forzado que da fr\u00edo uniforme a todos los entrepa\u00f1os y permanecen secos, o a trav\u00e9s de contacto por tuber\u00eda donde se presenta un fr\u00edo h\u00famedo. El sistema de congelaci\u00f3n siempre se trabaja a trav\u00e9s de contacto por tuber\u00eda fija (forma escarcha).<\/span><\/li>\n<li><span style=\"font-family: helvetica, arial, sans-serif;\">Puertas selladas de m\u00e1xima apertura<\/span><\/li>\n<li><span style=\"font-family: helvetica, arial, sans-serif;\">Equipo soportado sobre ruedas elaboradas PU con doble balinera.<\/span><\/li>\n<li><span style=\"font-family: helvetica, arial, sans-serif;\">Unidad ubicada en al interior del equipo (incorporada), en el casillero o remota (externa al equipo)<\/span><\/li>\n<li><span style=\"font-family: helvetica, arial, sans-serif;\">Control digital con indicador de temperatura.<\/span><\/li>\n<li><span style=\"font-family: helvetica, arial, sans-serif;\">Operaci\u00f3n con control digital<\/span><\/li>\n<li><span style=\"font-family: helvetica, arial, sans-serif;\">Protector de voltaje\u00a0 (colocado en equipos para clima c\u00e1lido)<\/span><\/li>\n<li><span style=\"font-family: helvetica, arial, sans-serif;\">Luz interior LED.<\/span><\/li>\n<\/ul>\n<p>&nbsp;<\/p>\n<p><span style=\"font-family: helvetica, arial, sans-serif; font-size: 14pt;\">Somos<strong> directos fabricantes<\/strong> y elaboramos su equipo seg\u00fan las dimensiones que necesite.<\/span><\/p>\n<p>&nbsp;<\/p>\n<p><span style=\"font-size: 8pt; font-family: helvetica, arial, sans-serif;\">Todos nuestros equipos tienen garant\u00eda de 1 a\u00f1o por defectos de fabricaci\u00f3n y la misma depende del cumplimiento de las condiciones presentadas en el manual de instrucciones. El servicio t\u00e9cnico se realizar\u00e1 dentro del per\u00edmetro urbano de la ciudad de Bogot\u00e1; En caso que fuere necesario realizar un servicio fuera de Bogot\u00e1, la empresa asume el costo de las refacciones y el cliente asume el costo de los vi\u00e1ticos.<\/span><br \/>\n<span style=\"font-size: 8pt; font-family: helvetica, arial, sans-serif;\">En caso que el problema sea causado por falta de mantenimiento o una manipulaci\u00f3n inadecuada del equipo detallada en el manual de operaciones como es el caso de alteraci\u00f3n del control, cambios de voltaje o el uso de conexiones el\u00e9ctricas no apropiadas, extensiones, ubicaci\u00f3n inapropiada, entre otros, es causal de perdida de la garant\u00eda la cual NO ser\u00e1 cubierta por la empresa y tendr\u00e1 un costo adicional por el servicio.<\/span><\/p>\n","protected":false},"excerpt":{"rendered":"<p>Las neveras de exhibici\u00f3n panor\u00e1micas son equipos de un solo ambiente(refrigeraci\u00f3n o congelaci\u00f3n)\u00a0 para el almacenamiento de producto, por lo cual este tipo de equipos se maneja con 1 sola temperatura para todo el equipo, tal es el caso en las neveras para l\u00e1cteos, bebidas, carnes, pollo o pescado. Cuando el equipo es para refrigeraci\u00f3n &hellip;<\/p>\n","protected":false},"featured_media":822,"comment_status":"open","ping_status":"closed","template":"","meta":[],"product_brand":[],"product_cat":[20,17,24],"product_tag":[],"class_list":{"0":"post-2425","1":"product","2":"type-product","3":"status-publish","4":"has-post-thumbnail","6":"product_cat-2-linea-carnicerias-fruteria-salsamentaria-tiendas","7":"product_cat-4-linea-institucional","8":"product_cat-nevera-horizontal-de-exhibicion","10":"first","11":"instock","12":"shipping-taxable","13":"product-type-simple"},"_links":{"self":[{"href":"https:\/\/refricolombia.com\/index.php\/wp-json\/wp\/v2\/product\/2425","targetHints":{"allow":["GET"]}}],"collection":[{"href":"https:\/\/refricolombia.com\/index.php\/wp-json\/wp\/v2\/product"}],"about":[{"href":"https:\/\/refricolombia.com\/index.php\/wp-json\/wp\/v2\/types\/product"}],"replies":[{"embeddable":true,"href":"https:\/\/refricolombia.com\/index.php\/wp-json\/wp\/v2\/comments?post=2425"}],"wp:featuredmedia":[{"embeddable":true,"href":"https:\/\/refricolombia.com\/index.php\/wp-json\/wp\/v2\/media\/822"}],"wp:attachment":[{"href":"https:\/\/refricolombia.com\/index.php\/wp-json\/wp\/v2\/media?parent=2425"}],"wp:term":[{"taxonomy":"product_brand","embeddable":true,"href":"https:\/\/refricolombia.com\/index.php\/wp-json\/wp\/v2\/product_brand?post=2425"},{"taxonomy":"product_cat","embeddable":true,"href":"https:\/\/refricolombia.com\/index.php\/wp-json\/wp\/v2\/product_cat?post=2425"},{"taxonomy":"product_tag","embeddable":true,"href":"https:\/\/refricolombia.com\/index.php\/wp-json\/wp\/v2\/product_tag?post=2425"}],"curies":[{"name":"wp","href":"https:\/\/api.w.org\/{rel}","templated":true}]}}