{"id":2449,"date":"2020-04-20T21:44:19","date_gmt":"2020-04-21T02:44:19","guid":{"rendered":"https:\/\/refricolombia.com\/?post_type=product&#038;p=2449"},"modified":"2025-09-10T13:59:06","modified_gmt":"2025-09-10T18:59:06","slug":"sobremostrador-2","status":"publish","type":"product","link":"https:\/\/refricolombia.com\/index.php\/producto\/sobremostrador-2\/","title":{"rendered":"VITRINA SOBREMOSTRADOR REFRIGERADA &#8211; SUSHI"},"content":{"rendered":"<p><span style=\"font-family: helvetica, arial, sans-serif;\">Las vitrinas <strong>sobremostrador<\/strong> son equipos dise\u00f1ados para ofrecer una m\u00e1xima exhibici\u00f3n de un reducido n\u00famero de productos de venta inmediata como es el caso de postres, s\u00e1ndwiches, l\u00e1cteos, bebidas, entre otros y que se puede ubicar sobre un mes\u00f3n, barra u otro equipo.<\/span><\/p>\n<p><span style=\"font-family: helvetica, arial, sans-serif;\">El equipo opera a trav\u00e9s del sistema de refrigeraci\u00f3n por tuber\u00eda (forma una leve escarcha y, acorde a la altura del equipo se pueden colocar un m\u00e1ximo de 2 entrepa\u00f1os en vidrio de 8 mm.<\/span><\/p>\n<p><span style=\"font-family: helvetica, arial, sans-serif;\">El tama\u00f1o del equipo depende de la cantidad de bandejas que se coloquen en el tendido interior, por lo cual su precio obedece a la longitud del tendido y modelo del vidrio.<\/span><\/p>\n<p><span style=\"font-family: helvetica, arial, sans-serif;\">A continuaci\u00f3n podr\u00e1 observar algunos modelos de nuestros equipos y sus caracter\u00edsticas generales.<\/span><\/p>\n<p>&nbsp;<\/p>\n<ul>\n<li>Equipo elaborado en acero inoxidable satinado o brillante.<\/li>\n<li>Altura entre 40 a 50 cm. y ancho de 40 cm.<\/li>\n<li>Aislamiento por inyecci\u00f3n de poliuretano de alta densidad y libre de CFC\u00b4s<\/li>\n<li>Equipo operado con motocompresor Tecumseh de \u00faltima generaci\u00f3n a 110V.<\/li>\n<li>El sistema de refrigeraci\u00f3n se maneja a trav\u00e9s de contacto por tuber\u00eda donde se presenta un fr\u00edo h\u00famedo.<\/li>\n<li>Puertas selladas de m\u00e1xima apertura o en vidrio corredera.<\/li>\n<li>Unidad ubicada en el interior del equipo (incorporada).<\/li>\n<li>Control digital con indicador de temperatura.<\/li>\n<li>Protector de voltaje\u00a0 (colocado en equipos para clima c\u00e1lido)<\/li>\n<li>Luz interior LED.<\/li>\n<\/ul>\n<p><strong>Nota:<\/strong> Estos equipos se pueden fabricar sin sistema de refrigeraci\u00f3n, de forma que queda como una vitrina neutra al clima.<\/p>\n<p>&nbsp;<\/p>\n<p><span style=\"font-family: helvetica, arial, sans-serif; font-size: 14pt;\">Somos <strong>directos fabricantes<\/strong> y elaboramos su equipo seg\u00fan las dimensiones que necesite.<\/span><\/p>\n<p>&nbsp;<\/p>\n<p><span style=\"font-size: 8pt; font-family: helvetica, arial, sans-serif;\">Todos nuestros equipos tienen garant\u00eda de 1 a\u00f1o por defectos de fabricaci\u00f3n y la misma depende del cumplimiento de las condiciones presentadas en el manual de instrucciones. El servicio t\u00e9cnico se realizar\u00e1 dentro del per\u00edmetro urbano de la ciudad de Bogot\u00e1; En caso que fuere necesario realizar un servicio fuera de Bogot\u00e1, la empresa asume el costo de las refacciones y el cliente asume el costo de los vi\u00e1ticos.<\/span><br \/>\n<span style=\"font-size: 8pt; font-family: helvetica, arial, sans-serif;\">En caso que el problema sea causado por falta de mantenimiento o una manipulaci\u00f3n inadecuada del equipo detallada en el manual de operaciones como es el caso de alteraci\u00f3n del control, cambios de voltaje o el uso de conexiones el\u00e9ctricas no apropiadas, extensiones, ubicaci\u00f3n inapropiada, entre otros, es causal de perdida de la garant\u00eda la cual NO ser\u00e1 cubierta por la empresa y tendr\u00e1 un costo adicional por el servicio.<\/span><\/p>\n","protected":false},"excerpt":{"rendered":"<p>Las vitrinas sobremostrador son equipos dise\u00f1ados para ofrecer una m\u00e1xima exhibici\u00f3n de un reducido n\u00famero de productos de venta inmediata como es el caso de postres, s\u00e1ndwiches, l\u00e1cteos, bebidas, entre otros y que se puede ubicar sobre un mes\u00f3n, barra u otro equipo. El equipo opera a trav\u00e9s del sistema de refrigeraci\u00f3n por tuber\u00eda (forma &hellip;<\/p>\n","protected":false},"featured_media":900,"comment_status":"open","ping_status":"closed","template":"","meta":[],"product_brand":[],"product_cat":[21,17,18,22,24,19],"product_tag":[],"class_list":{"0":"post-2449","1":"product","2":"type-product","3":"status-publish","4":"has-post-thumbnail","6":"product_cat-3-linea-restaurantes-food-truck","7":"product_cat-4-linea-institucional","8":"product_cat-equipos-para-panaderia-y-pasteleria","9":"product_cat-equipos-para-restaurantes-y-cocinas","10":"product_cat-nevera-horizontal-de-exhibicion","11":"product_cat-vitrina-pastelera","13":"first","14":"instock","15":"shipping-taxable","16":"product-type-simple"},"_links":{"self":[{"href":"https:\/\/refricolombia.com\/index.php\/wp-json\/wp\/v2\/product\/2449","targetHints":{"allow":["GET"]}}],"collection":[{"href":"https:\/\/refricolombia.com\/index.php\/wp-json\/wp\/v2\/product"}],"about":[{"href":"https:\/\/refricolombia.com\/index.php\/wp-json\/wp\/v2\/types\/product"}],"replies":[{"embeddable":true,"href":"https:\/\/refricolombia.com\/index.php\/wp-json\/wp\/v2\/comments?post=2449"}],"wp:featuredmedia":[{"embeddable":true,"href":"https:\/\/refricolombia.com\/index.php\/wp-json\/wp\/v2\/media\/900"}],"wp:attachment":[{"href":"https:\/\/refricolombia.com\/index.php\/wp-json\/wp\/v2\/media?parent=2449"}],"wp:term":[{"taxonomy":"product_brand","embeddable":true,"href":"https:\/\/refricolombia.com\/index.php\/wp-json\/wp\/v2\/product_brand?post=2449"},{"taxonomy":"product_cat","embeddable":true,"href":"https:\/\/refricolombia.com\/index.php\/wp-json\/wp\/v2\/product_cat?post=2449"},{"taxonomy":"product_tag","embeddable":true,"href":"https:\/\/refricolombia.com\/index.php\/wp-json\/wp\/v2\/product_tag?post=2449"}],"curies":[{"name":"wp","href":"https:\/\/api.w.org\/{rel}","templated":true}]}}