{"id":2450,"date":"2020-04-20T23:41:54","date_gmt":"2020-04-21T04:41:54","guid":{"rendered":"https:\/\/refricolombia.com\/?post_type=product&#038;p=2450"},"modified":"2025-09-10T13:59:07","modified_gmt":"2025-09-10T18:59:07","slug":"galletera-2","status":"publish","type":"product","link":"https:\/\/refricolombia.com\/index.php\/producto\/galletera-2\/","title":{"rendered":"GALLETERA"},"content":{"rendered":"<p><span style=\"font-family: helvetica, arial, sans-serif;\">Las vitrinas<strong> galleteras o neutras<\/strong> (al clima) son equipos dise\u00f1ados para exhibir productos a temperatura ambiente. Poseen el mismo dise\u00f1o que la pastelera con la posibilidad de manejar una peque\u00f1a bodega o dejar de m\u00e1xima exhibici\u00f3n.<\/span><\/p>\n<p><span style=\"font-family: helvetica, arial, sans-serif;\">Se fabrican totalmente en acero inoxidable y en vidrio crudo o templado. Las puertas pueden batientes o correderas.<\/span><\/p>\n<p><span style=\"font-family: helvetica, arial, sans-serif;\">A continuaci\u00f3n se presentan las caracter\u00edsticas generales de estos productos.<\/span><\/p>\n<ul>\n<li><span style=\"font-family: helvetica, arial, sans-serif; font-size: 12pt;\">Vitrina neutra elaborada en acero inoxidable brillante o satinado.<\/span><\/li>\n<li><span style=\"font-family: helvetica, arial, sans-serif; font-size: 12pt;\">Elaborada la parte externa con vidrio crudo biselado y pulido o en vidrio templado de 8 o\u00a0 10 mm.<\/span><\/li>\n<li><span style=\"font-family: helvetica, arial, sans-serif; font-size: 12pt;\">Aislamiento por inyecci\u00f3n de poliuretano de alta densidad y libre de CFC\u00b4s<\/span><\/li>\n<li><span style=\"font-family: helvetica, arial, sans-serif; font-size: 12pt;\">Puertas selladas o en vidrio de m\u00e1xima apertura<\/span><\/li>\n<li><span style=\"font-family: helvetica, arial, sans-serif; font-size: 12pt;\">Equipo soportado sobre ruedas elaboradas PU con doble balinera.<\/span><\/li>\n<li><span style=\"font-family: helvetica, arial, sans-serif; font-size: 12pt;\">Luz interior LED.<\/span><\/li>\n<\/ul>\n<p>&nbsp;<\/p>\n<p><span style=\"font-size: 14pt; font-family: helvetica, arial, sans-serif;\">Somos<strong> directos fabricantes<\/strong> y elaboramos su equipo seg\u00fan las dimensiones que necesite.<\/span><\/p>\n<p>&nbsp;<\/p>\n<p><span style=\"font-size: 8pt; font-family: helvetica, arial, sans-serif;\">Todos nuestros equipos tienen garant\u00eda de 1 a\u00f1o por defectos de fabricaci\u00f3n y la misma depende del cumplimiento de las condiciones presentadas en el manual de instrucciones. El servicio t\u00e9cnico se realizar\u00e1 dentro del per\u00edmetro urbano de la ciudad de Bogot\u00e1; En caso que fuere necesario realizar un servicio fuera de Bogot\u00e1, la empresa asume el costo de las refacciones y el cliente asume el costo de los vi\u00e1ticos.<\/span><br \/>\n<span style=\"font-size: 8pt; font-family: helvetica, arial, sans-serif;\">En caso que el problema sea causado por falta de mantenimiento o una manipulaci\u00f3n inadecuada del equipo detallada en el manual de operaciones como es el caso de alteraci\u00f3n del control, cambios de voltaje o el uso de conexiones el\u00e9ctricas no apropiadas, extensiones, ubicaci\u00f3n inapropiada, entre otros, es causal de perdida de la garant\u00eda la cual NO sera cubierta por la empresa y tendr\u00e1 un costo adicional por el servicio.<\/span><\/p>\n","protected":false},"excerpt":{"rendered":"<p>Las vitrinas galleteras o neutras (al clima) son equipos dise\u00f1ados para exhibir productos a temperatura ambiente. Poseen el mismo dise\u00f1o que la pastelera con la posibilidad de manejar una peque\u00f1a bodega o dejar de m\u00e1xima exhibici\u00f3n. Se fabrican totalmente en acero inoxidable y en vidrio crudo o templado. Las puertas pueden batientes o correderas. A &hellip;<\/p>\n","protected":false},"featured_media":911,"comment_status":"closed","ping_status":"closed","template":"","meta":[],"product_brand":[],"product_cat":[16,17,18,19],"product_tag":[],"class_list":{"0":"post-2450","1":"product","2":"type-product","3":"status-publish","4":"has-post-thumbnail","6":"product_cat-1-linea-cafeteria-panaderia-salon-de-onces","7":"product_cat-4-linea-institucional","8":"product_cat-equipos-para-panaderia-y-pasteleria","9":"product_cat-vitrina-pastelera","11":"first","12":"instock","13":"shipping-taxable","14":"product-type-simple"},"_links":{"self":[{"href":"https:\/\/refricolombia.com\/index.php\/wp-json\/wp\/v2\/product\/2450","targetHints":{"allow":["GET"]}}],"collection":[{"href":"https:\/\/refricolombia.com\/index.php\/wp-json\/wp\/v2\/product"}],"about":[{"href":"https:\/\/refricolombia.com\/index.php\/wp-json\/wp\/v2\/types\/product"}],"replies":[{"embeddable":true,"href":"https:\/\/refricolombia.com\/index.php\/wp-json\/wp\/v2\/comments?post=2450"}],"wp:featuredmedia":[{"embeddable":true,"href":"https:\/\/refricolombia.com\/index.php\/wp-json\/wp\/v2\/media\/911"}],"wp:attachment":[{"href":"https:\/\/refricolombia.com\/index.php\/wp-json\/wp\/v2\/media?parent=2450"}],"wp:term":[{"taxonomy":"product_brand","embeddable":true,"href":"https:\/\/refricolombia.com\/index.php\/wp-json\/wp\/v2\/product_brand?post=2450"},{"taxonomy":"product_cat","embeddable":true,"href":"https:\/\/refricolombia.com\/index.php\/wp-json\/wp\/v2\/product_cat?post=2450"},{"taxonomy":"product_tag","embeddable":true,"href":"https:\/\/refricolombia.com\/index.php\/wp-json\/wp\/v2\/product_tag?post=2450"}],"curies":[{"name":"wp","href":"https:\/\/api.w.org\/{rel}","templated":true}]}}