{"id":2452,"date":"2020-04-21T02:33:00","date_gmt":"2020-04-21T07:33:00","guid":{"rendered":"https:\/\/refricolombia.com\/?post_type=product&#038;p=2452"},"modified":"2025-09-10T13:59:08","modified_gmt":"2025-09-10T18:59:08","slug":"barras-rcm-2","status":"publish","type":"product","link":"https:\/\/refricolombia.com\/index.php\/producto\/barras-rcm-2\/","title":{"rendered":"BARRAS O MESAS DE REFRIGERACI\u00d3N\/ CONGELACI\u00d3N O MIXTAS"},"content":{"rendered":"<ul>\n<li><span style=\"font-family: helvetica, arial, sans-serif;\">Equipo elaborado en acero inoxidable brillante o satinado<\/span><\/li>\n<li><span style=\"font-family: helvetica, arial, sans-serif;\">Dimensiones: Alto total de 90 cm y ancho o profundidad total de 75 cm.<\/span><\/li>\n<li><span style=\"font-family: helvetica, arial, sans-serif;\">Aislamiento por inyecci\u00f3n de poliuretano de alta densidad y libre de CFC\u00b4s<\/span><\/li>\n<li><span style=\"font-family: helvetica, arial, sans-serif;\">Equipo operado con un motocompresor de \u00faltima generaci\u00f3n, con luz a 110V.<\/span><\/li>\n<li><span style=\"font-family: helvetica, arial, sans-serif;\">El sistema de refrigeraci\u00f3n a trav\u00e9s de aire forzado No frost (No forma escarcha).<\/span><\/li>\n<li><span style=\"font-family: helvetica, arial, sans-serif;\">Congelaci\u00f3n a trav\u00e9s de contacto directo por tuber\u00eda (Forma escarcha).<\/span><\/li>\n<li><span style=\"font-family: helvetica, arial, sans-serif;\">Puerta sellada o en vidrio con cierre magn\u00e9tico y bisagra de tambor para una m\u00e1xima apertura.<\/span><\/li>\n<li><span style=\"font-family: helvetica, arial, sans-serif;\">Equipo soportado en ruedas elaboradas PU con doble balinera.<\/span><\/li>\n<li><span style=\"font-family: helvetica, arial, sans-serif;\">Unidad ubicada al interior del equipo con evaporador de agua.<\/span><\/li>\n<li><span style=\"font-family: helvetica, arial, sans-serif;\">Entrepa\u00f1os m\u00f3viles en los equipos de refrigeraci\u00f3n.<\/span><\/li>\n<li><span style=\"font-family: helvetica, arial, sans-serif;\">Control digital con indicador de temperatura.<\/span><\/li>\n<li><span style=\"font-family: helvetica, arial, sans-serif;\">Sistema de iluminaci\u00f3n con luz LED.<\/span><\/li>\n<li><span style=\"font-family: helvetica, arial, sans-serif;\">Rango de operaci\u00f3n para refrigeraci\u00f3n entre 0 a 6\u00b0C.<\/span><\/li>\n<\/ul>\n<p>&nbsp;<\/p>\n<p><span style=\"font-family: helvetica, arial, sans-serif; font-size: 14pt;\">Somos <strong>directos fabricantes<\/strong> y elaboramos su equipo seg\u00fan las dimensiones que necesite.<\/span><\/p>\n<p>&nbsp;<\/p>\n<p><span style=\"font-size: 8pt; font-family: helvetica, arial, sans-serif;\">Todos nuestros equipos tienen garant\u00eda de 1 a\u00f1o por defectos de fabricaci\u00f3n y la misma depende del cumplimiento de las condiciones presentadas en el manual de instrucciones. El servicio t\u00e9cnico se realizar\u00e1 dentro del per\u00edmetro urbano de la ciudad de Bogot\u00e1; En caso que fuere necesario realizar un servicio fuera de Bogot\u00e1, la empresa asume el costo de las refacciones y el cliente asume el costo de los vi\u00e1ticos.<\/span><br \/>\n<span style=\"font-size: 8pt; font-family: helvetica, arial, sans-serif;\">En caso que el problema sea causado por falta de mantenimiento o una manipulaci\u00f3n inadecuada del equipo detallada en el manual de operaciones como es el caso de alteraci\u00f3n del control, cambios de voltaje o el uso de conexiones el\u00e9ctricas no apropiadas, extensiones, ubicaci\u00f3n inapropiada, entre otros, es causal de perdida de la garant\u00eda la cual NO sera cubierta por la empresa y tendr\u00e1 un costo adicional por el servicio.<\/span><\/p>\n","protected":false},"excerpt":{"rendered":"<p>Equipo elaborado en acero inoxidable brillante o satinado Dimensiones: Alto total de 90 cm y ancho o profundidad total de 75 cm. Aislamiento por inyecci\u00f3n de poliuretano de alta densidad y libre de CFC\u00b4s Equipo operado con un motocompresor de \u00faltima generaci\u00f3n, con luz a 110V. El sistema de refrigeraci\u00f3n a trav\u00e9s de aire forzado &hellip;<\/p>\n","protected":false},"featured_media":946,"comment_status":"open","ping_status":"closed","template":"","meta":[],"product_brand":[],"product_cat":[16,21,17,25,22],"product_tag":[],"class_list":{"0":"post-2452","1":"product","2":"type-product","3":"status-publish","4":"has-post-thumbnail","6":"product_cat-1-linea-cafeteria-panaderia-salon-de-onces","7":"product_cat-3-linea-restaurantes-food-truck","8":"product_cat-4-linea-institucional","9":"product_cat-barras-y-mesas-de-trabajo","10":"product_cat-equipos-para-restaurantes-y-cocinas","12":"first","13":"instock","14":"shipping-taxable","15":"product-type-simple"},"_links":{"self":[{"href":"https:\/\/refricolombia.com\/index.php\/wp-json\/wp\/v2\/product\/2452","targetHints":{"allow":["GET"]}}],"collection":[{"href":"https:\/\/refricolombia.com\/index.php\/wp-json\/wp\/v2\/product"}],"about":[{"href":"https:\/\/refricolombia.com\/index.php\/wp-json\/wp\/v2\/types\/product"}],"replies":[{"embeddable":true,"href":"https:\/\/refricolombia.com\/index.php\/wp-json\/wp\/v2\/comments?post=2452"}],"wp:featuredmedia":[{"embeddable":true,"href":"https:\/\/refricolombia.com\/index.php\/wp-json\/wp\/v2\/media\/946"}],"wp:attachment":[{"href":"https:\/\/refricolombia.com\/index.php\/wp-json\/wp\/v2\/media?parent=2452"}],"wp:term":[{"taxonomy":"product_brand","embeddable":true,"href":"https:\/\/refricolombia.com\/index.php\/wp-json\/wp\/v2\/product_brand?post=2452"},{"taxonomy":"product_cat","embeddable":true,"href":"https:\/\/refricolombia.com\/index.php\/wp-json\/wp\/v2\/product_cat?post=2452"},{"taxonomy":"product_tag","embeddable":true,"href":"https:\/\/refricolombia.com\/index.php\/wp-json\/wp\/v2\/product_tag?post=2452"}],"curies":[{"name":"wp","href":"https:\/\/api.w.org\/{rel}","templated":true}]}}