{"id":2462,"date":"2020-04-21T20:28:29","date_gmt":"2020-04-22T01:28:29","guid":{"rendered":"https:\/\/refricolombia.com\/?post_type=product&#038;p=2462"},"modified":"2025-09-10T13:59:12","modified_gmt":"2025-09-10T18:59:12","slug":"escabiladero-2","status":"publish","type":"product","link":"https:\/\/refricolombia.com\/index.php\/producto\/escabiladero-2\/","title":{"rendered":"ESCABILADERO DE LUJO"},"content":{"rendered":"<ul>\n<li><span style=\"font-family: helvetica, arial, sans-serif;\">Equipo elaborado en varilla o tubo de acero.<\/span><\/li>\n<li><span style=\"font-family: helvetica, arial, sans-serif;\">12 a 24 espacios para colocar bandejas.<\/span><\/li>\n<li><span style=\"font-family: helvetica, arial, sans-serif;\">Puertas magn\u00e9ticas para conservar el producto fresco por tiempos mas largos.<\/span><\/li>\n<li><span style=\"font-family: helvetica, arial, sans-serif;\">Vitrina superior (opcional).<\/span><\/li>\n<li><span style=\"font-family: helvetica, arial, sans-serif;\">Equipo con luz LED (opcional).<\/span><\/li>\n<\/ul>\n<p>&nbsp;<\/p>\n<p><span style=\"font-family: helvetica, arial, sans-serif; font-size: 14pt;\">Somos <strong>directos fabricantes<\/strong> y elaboramos su equipo seg\u00fan las dimensiones que necesite.<\/span><\/p>\n<p>&nbsp;<\/p>\n<p><span style=\"font-size: 8pt; font-family: helvetica, arial, sans-serif;\">Todos nuestros equipos tienen garant\u00eda de 1 a\u00f1o por defectos de fabricaci\u00f3n y la misma depende del cumplimiento de las condiciones presentadas en el manual de instrucciones. El servicio t\u00e9cnico se realizar\u00e1 dentro del per\u00edmetro urbano de la ciudad de Bogot\u00e1; En caso que fuere necesario realizar un servicio fuera de Bogot\u00e1, la empresa asume el costo de las refacciones y el cliente asume el costo de los vi\u00e1ticos.<\/span><br \/>\n<span style=\"font-size: 8pt; font-family: helvetica, arial, sans-serif;\">En caso que el problema sea causado por falta de mantenimiento o una manipulaci\u00f3n inadecuada del equipo detallada en el manual de operaciones como es el caso de alteraci\u00f3n del control, cambios de voltaje o el uso de conexiones el\u00e9ctricas no apropiadas, extensiones, ubicaci\u00f3n inapropiada, entre otros, es causal de perdida de la garant\u00eda la cual NO sera cubierta por la empresa y tendr\u00e1 un costo adicional por el servicio.<\/span><\/p>\n","protected":false},"excerpt":{"rendered":"<p>Equipo elaborado en varilla o tubo de acero. 12 a 24 espacios para colocar bandejas. Puertas magn\u00e9ticas para conservar el producto fresco por tiempos mas largos. Vitrina superior (opcional). Equipo con luz LED (opcional). &nbsp; Somos directos fabricantes y elaboramos su equipo seg\u00fan las dimensiones que necesite. &nbsp; Todos nuestros equipos tienen garant\u00eda de 1 &hellip;<\/p>\n","protected":false},"featured_media":1016,"comment_status":"closed","ping_status":"closed","template":"","meta":[],"product_brand":[],"product_cat":[16,18],"product_tag":[],"class_list":{"0":"post-2462","1":"product","2":"type-product","3":"status-publish","4":"has-post-thumbnail","6":"product_cat-1-linea-cafeteria-panaderia-salon-de-onces","7":"product_cat-equipos-para-panaderia-y-pasteleria","9":"first","10":"instock","11":"shipping-taxable","12":"product-type-simple"},"_links":{"self":[{"href":"https:\/\/refricolombia.com\/index.php\/wp-json\/wp\/v2\/product\/2462","targetHints":{"allow":["GET"]}}],"collection":[{"href":"https:\/\/refricolombia.com\/index.php\/wp-json\/wp\/v2\/product"}],"about":[{"href":"https:\/\/refricolombia.com\/index.php\/wp-json\/wp\/v2\/types\/product"}],"replies":[{"embeddable":true,"href":"https:\/\/refricolombia.com\/index.php\/wp-json\/wp\/v2\/comments?post=2462"}],"wp:featuredmedia":[{"embeddable":true,"href":"https:\/\/refricolombia.com\/index.php\/wp-json\/wp\/v2\/media\/1016"}],"wp:attachment":[{"href":"https:\/\/refricolombia.com\/index.php\/wp-json\/wp\/v2\/media?parent=2462"}],"wp:term":[{"taxonomy":"product_brand","embeddable":true,"href":"https:\/\/refricolombia.com\/index.php\/wp-json\/wp\/v2\/product_brand?post=2462"},{"taxonomy":"product_cat","embeddable":true,"href":"https:\/\/refricolombia.com\/index.php\/wp-json\/wp\/v2\/product_cat?post=2462"},{"taxonomy":"product_tag","embeddable":true,"href":"https:\/\/refricolombia.com\/index.php\/wp-json\/wp\/v2\/product_tag?post=2462"}],"curies":[{"name":"wp","href":"https:\/\/api.w.org\/{rel}","templated":true}]}}