{"id":2463,"date":"2020-04-21T20:32:39","date_gmt":"2020-04-22T01:32:39","guid":{"rendered":"https:\/\/refricolombia.com\/?post_type=product&#038;p=2463"},"modified":"2025-09-10T13:59:12","modified_gmt":"2025-09-10T18:59:12","slug":"mesones-2","status":"publish","type":"product","link":"https:\/\/refricolombia.com\/index.php\/producto\/mesones-2\/","title":{"rendered":"MESONES EN ACERO O GRANITO"},"content":{"rendered":"<ul>\n<li><span style=\"font-family: helvetica, arial, sans-serif;\">Equipo elaborado en acero cal 18 o 20 con entrepa\u00f1o en acero cal 22.<\/span><\/li>\n<li><span style=\"font-family: helvetica, arial, sans-serif;\">Pata en tubo de acero con protectores de caucho.<\/span><\/li>\n<li><span style=\"font-family: helvetica, arial, sans-serif;\">La cubierta puede ser elaborada en acero o en granito de alta resistencia<\/span><\/li>\n<li><span style=\"font-family: helvetica, arial, sans-serif;\">Los modelos pueden ser completamente lisos o con salpicadero.<\/span><\/li>\n<\/ul>\n<p>&nbsp;<\/p>\n<p><span style=\"font-family: helvetica, arial, sans-serif; font-size: 14pt;\">Somos <strong>directos fabricantes<\/strong> y elaboramos su equipo seg\u00fan las dimensiones que necesite.<\/span><\/p>\n<p>&nbsp;<\/p>\n<p><span style=\"font-size: 8pt; font-family: helvetica, arial, sans-serif;\">Todos nuestros equipos tienen garant\u00eda de 1 a\u00f1o por defectos de fabricaci\u00f3n y la misma depende del cumplimiento de las condiciones presentadas en el manual de instrucciones. El servicio t\u00e9cnico se realizar\u00e1 dentro del per\u00edmetro urbano de la ciudad de Bogot\u00e1; En caso que fuere necesario realizar un servicio fuera de Bogot\u00e1, la empresa asume el costo de las refacciones y el cliente asume el costo de los vi\u00e1ticos.<\/span><br \/>\n<span style=\"font-size: 8pt; font-family: helvetica, arial, sans-serif;\">En caso que el problema sea causado por falta de mantenimiento o una manipulaci\u00f3n inadecuada del equipo detallada en el manual de operaciones como es el caso de alteraci\u00f3n del control, cambios de voltaje o el uso de conexiones el\u00e9ctricas no apropiadas, extensiones, ubicaci\u00f3n inapropiada, entre otros, es causal de perdida de la garant\u00eda la cual NO sera cubierta por la empresa y tendr\u00e1 un costo adicional por el servicio.<\/span><\/p>\n","protected":false},"excerpt":{"rendered":"<p>Equipo elaborado en acero cal 18 o 20 con entrepa\u00f1o en acero cal 22. Pata en tubo de acero con protectores de caucho. La cubierta puede ser elaborada en acero o en granito de alta resistencia Los modelos pueden ser completamente lisos o con salpicadero. &nbsp; Somos directos fabricantes y elaboramos su equipo seg\u00fan las &hellip;<\/p>\n","protected":false},"featured_media":1031,"comment_status":"open","ping_status":"closed","template":"","meta":[],"product_brand":[],"product_cat":[16,21,17,18,22],"product_tag":[],"class_list":{"0":"post-2463","1":"product","2":"type-product","3":"status-publish","4":"has-post-thumbnail","6":"product_cat-1-linea-cafeteria-panaderia-salon-de-onces","7":"product_cat-3-linea-restaurantes-food-truck","8":"product_cat-4-linea-institucional","9":"product_cat-equipos-para-panaderia-y-pasteleria","10":"product_cat-equipos-para-restaurantes-y-cocinas","12":"first","13":"instock","14":"shipping-taxable","15":"product-type-simple"},"_links":{"self":[{"href":"https:\/\/refricolombia.com\/index.php\/wp-json\/wp\/v2\/product\/2463","targetHints":{"allow":["GET"]}}],"collection":[{"href":"https:\/\/refricolombia.com\/index.php\/wp-json\/wp\/v2\/product"}],"about":[{"href":"https:\/\/refricolombia.com\/index.php\/wp-json\/wp\/v2\/types\/product"}],"replies":[{"embeddable":true,"href":"https:\/\/refricolombia.com\/index.php\/wp-json\/wp\/v2\/comments?post=2463"}],"wp:featuredmedia":[{"embeddable":true,"href":"https:\/\/refricolombia.com\/index.php\/wp-json\/wp\/v2\/media\/1031"}],"wp:attachment":[{"href":"https:\/\/refricolombia.com\/index.php\/wp-json\/wp\/v2\/media?parent=2463"}],"wp:term":[{"taxonomy":"product_brand","embeddable":true,"href":"https:\/\/refricolombia.com\/index.php\/wp-json\/wp\/v2\/product_brand?post=2463"},{"taxonomy":"product_cat","embeddable":true,"href":"https:\/\/refricolombia.com\/index.php\/wp-json\/wp\/v2\/product_cat?post=2463"},{"taxonomy":"product_tag","embeddable":true,"href":"https:\/\/refricolombia.com\/index.php\/wp-json\/wp\/v2\/product_tag?post=2463"}],"curies":[{"name":"wp","href":"https:\/\/api.w.org\/{rel}","templated":true}]}}