{"id":2467,"date":"2020-04-21T21:22:33","date_gmt":"2020-04-22T02:22:33","guid":{"rendered":"https:\/\/refricolombia.com\/?post_type=product&#038;p=2467"},"modified":"2025-09-10T13:59:14","modified_gmt":"2025-09-10T18:59:14","slug":"asadores-2","status":"publish","type":"product","link":"https:\/\/refricolombia.com\/index.php\/producto\/asadores-2\/","title":{"rendered":"HORNOS ASADORES DE POLLO"},"content":{"rendered":"<ul>\n<li><span style=\"font-family: helvetica, arial, sans-serif;\">Equipo elaborado en acero inoxidable brillante o satinado con estructura en acero cal 18 y cuerpo en cal. 20.<\/span><\/li>\n<li><span style=\"font-family: helvetica, arial, sans-serif;\">Equipos con capacidad de 20, 24, 30, 36 unidades.<\/span><\/li>\n<li><span style=\"font-family: helvetica, arial, sans-serif;\">Sistema de rotaci\u00f3n en carrusel de 5 o 6 varillas.<\/span><\/li>\n<li><span style=\"font-family: helvetica, arial, sans-serif;\">Horneo a carb\u00f3n o a gas con infrarrojos.<\/span><\/li>\n<li><span style=\"font-family: helvetica, arial, sans-serif;\">Equipo soportado sobre ruedas con doble balinera para trabajo pesado.<\/span><\/li>\n<li><span style=\"font-family: helvetica, arial, sans-serif;\">Carbonera, parrilla en angulo, protector de brasa y cenicero en l\u00e1mina galvanizada (solo para equipos a carb\u00f3n).<\/span><\/li>\n<li><span style=\"font-family: helvetica, arial, sans-serif;\">Quemadores infrarrojos a gas con perilla independiente y vidrio templado (solo para equipos a gas).<\/span><\/li>\n<li><span style=\"font-family: helvetica, arial, sans-serif;\">Para todos los caso se entregan 3 varillas adicionales y soporte para las varillas.<\/span><\/li>\n<\/ul>\n<p>&nbsp;<\/p>\n<p><span style=\"font-family: helvetica, arial, sans-serif; font-size: 14pt;\">Somos <strong>directos fabricantes<\/strong> y elaboramos su equipo seg\u00fan las dimensiones que necesite.<\/span><\/p>\n<p>&nbsp;<\/p>\n<p><span style=\"font-size: 8pt; font-family: helvetica, arial, sans-serif;\">Todos nuestros equipos tienen garant\u00eda de 1 a\u00f1o por defectos de fabricaci\u00f3n y la misma depende del cumplimiento de las condiciones presentadas en el manual de instrucciones. El servicio t\u00e9cnico se realizar\u00e1 dentro del per\u00edmetro urbano de la ciudad de Bogot\u00e1; En caso que fuere necesario realizar un servicio fuera de Bogot\u00e1, la empresa asume el costo de las refacciones y el cliente asume el costo de los vi\u00e1ticos.<\/span><br \/>\n<span style=\"font-size: 8pt; font-family: helvetica, arial, sans-serif;\">En caso que el problema sea causado por falta de mantenimiento o una manipulaci\u00f3n inadecuada del equipo detallada en el manual de operaciones como es el caso de alteraci\u00f3n del control, cambios de voltaje o el uso de conexiones el\u00e9ctricas no apropiadas, extensiones, ubicaci\u00f3n inapropiada, entre otros, es causal de perdida de la garant\u00eda la cual NO sera cubierta por la empresa y tendr\u00e1 un costo adicional por el servicio.<\/span><\/p>\n","protected":false},"excerpt":{"rendered":"<p>Equipo elaborado en acero inoxidable brillante o satinado con estructura en acero cal 18 y cuerpo en cal. 20. Equipos con capacidad de 20, 24, 30, 36 unidades. Sistema de rotaci\u00f3n en carrusel de 5 o 6 varillas. Horneo a carb\u00f3n o a gas con infrarrojos. Equipo soportado sobre ruedas con doble balinera para trabajo &hellip;<\/p>\n","protected":false},"featured_media":1089,"comment_status":"closed","ping_status":"closed","template":"","meta":[],"product_brand":[],"product_cat":[21,22,26],"product_tag":[],"class_list":{"0":"post-2467","1":"product","2":"type-product","3":"status-publish","4":"has-post-thumbnail","6":"product_cat-3-linea-restaurantes-food-truck","7":"product_cat-equipos-para-restaurantes-y-cocinas","8":"product_cat-hornos-de-panaderia-y-pollos","10":"first","11":"instock","12":"shipping-taxable","13":"product-type-simple"},"_links":{"self":[{"href":"https:\/\/refricolombia.com\/index.php\/wp-json\/wp\/v2\/product\/2467","targetHints":{"allow":["GET"]}}],"collection":[{"href":"https:\/\/refricolombia.com\/index.php\/wp-json\/wp\/v2\/product"}],"about":[{"href":"https:\/\/refricolombia.com\/index.php\/wp-json\/wp\/v2\/types\/product"}],"replies":[{"embeddable":true,"href":"https:\/\/refricolombia.com\/index.php\/wp-json\/wp\/v2\/comments?post=2467"}],"wp:featuredmedia":[{"embeddable":true,"href":"https:\/\/refricolombia.com\/index.php\/wp-json\/wp\/v2\/media\/1089"}],"wp:attachment":[{"href":"https:\/\/refricolombia.com\/index.php\/wp-json\/wp\/v2\/media?parent=2467"}],"wp:term":[{"taxonomy":"product_brand","embeddable":true,"href":"https:\/\/refricolombia.com\/index.php\/wp-json\/wp\/v2\/product_brand?post=2467"},{"taxonomy":"product_cat","embeddable":true,"href":"https:\/\/refricolombia.com\/index.php\/wp-json\/wp\/v2\/product_cat?post=2467"},{"taxonomy":"product_tag","embeddable":true,"href":"https:\/\/refricolombia.com\/index.php\/wp-json\/wp\/v2\/product_tag?post=2467"}],"curies":[{"name":"wp","href":"https:\/\/api.w.org\/{rel}","templated":true}]}}