{"id":2471,"date":"2022-05-18T16:46:26","date_gmt":"2022-05-18T21:46:26","guid":{"rendered":"https:\/\/refricolombia.com\/?post_type=product&#038;p=2471"},"modified":"2025-09-10T13:59:15","modified_gmt":"2025-09-10T18:59:15","slug":"vitrina-sobremostrador-refrigerada-para-postres-2","status":"publish","type":"product","link":"https:\/\/refricolombia.com\/index.php\/producto\/vitrina-sobremostrador-refrigerada-para-postres-2\/","title":{"rendered":"VITRINA SOBREMOSTRADOR REFRIGERADA PARA POSTRES"},"content":{"rendered":"<p><span style=\"font-family: helvetica, arial, sans-serif;\">Las vitrinas <strong>sobremostrador<\/strong> son equipos dise\u00f1ados para ofrecer una m\u00e1xima exhibici\u00f3n de un reducido n\u00famero de productos de venta inmediata como es el caso de postres, s\u00e1ndwiches, l\u00e1cteos, bebidas, entre otros y que se puede ubicar sobre un mes\u00f3n, barra u otro equipo.<\/span><\/p>\n<p><span style=\"font-family: helvetica, arial, sans-serif;\">El equipo opera a trav\u00e9s del sistema de refrigeraci\u00f3n por aire forzado (No forma escarcha).<\/span><\/p>\n<p><span style=\"font-family: helvetica, arial, sans-serif;\">A continuaci\u00f3n podr\u00e1 observar algunos modelos de nuestros equipos y sus caracter\u00edsticas generales.<\/span><\/p>\n<p>&nbsp;<\/p>\n<ul>\n<li>Equipo elaborado en acero inoxidable satinado o brillante.<\/li>\n<li>Altura de 70 a 80 cm incluyendo vitrina de exhibici\u00f3n de 25 a 30 cm. y ancho de 40 a 60 cm.<\/li>\n<li>Aislamiento por inyecci\u00f3n de poliuretano de alta densidad y libre de CFC\u00b4s<\/li>\n<li>Equipo operado con motocompresor Tecumseh de \u00faltima generaci\u00f3n a 110V.<\/li>\n<li>El sistema de refrigeraci\u00f3n se maneja a trav\u00e9s aire forzado.<\/li>\n<li>Puertas selladas de m\u00e1xima apertura o en vidrio corredera.<\/li>\n<li>Unidad ubicada en la parte inferior del equipo.<\/li>\n<li>Control digital con indicador de temperatura.<\/li>\n<li>Protector de voltaje\u00a0(colocado en equipos para clima c\u00e1lido)<\/li>\n<li>Luz interior LED.<\/li>\n<\/ul>\n<p>&nbsp;<\/p>\n<p><span style=\"font-family: helvetica, arial, sans-serif; font-size: 14pt;\">Somos <strong>directos fabricantes<\/strong> y elaboramos su equipo seg\u00fan las dimensiones que necesite.<\/span><\/p>\n<p>&nbsp;<\/p>\n<p><span style=\"font-size: 8pt; font-family: helvetica, arial, sans-serif;\">Todos nuestros equipos tienen garant\u00eda de 1 a\u00f1o por defectos de fabricaci\u00f3n y la misma depende del cumplimiento de las condiciones presentadas en el manual de instrucciones. El servicio t\u00e9cnico se realizar\u00e1 dentro del per\u00edmetro urbano de la ciudad de Bogot\u00e1; En caso que fuere necesario realizar un servicio fuera de Bogot\u00e1, la empresa asume el costo de las refacciones y el cliente asume el costo de los vi\u00e1ticos.<\/span><br \/>\n<span style=\"font-size: 8pt; font-family: helvetica, arial, sans-serif;\">En caso que el problema sea causado por falta de mantenimiento o una manipulaci\u00f3n inadecuada del equipo detallada en el manual de operaciones como es el caso de alteraci\u00f3n del control, cambios de voltaje o el uso de conexiones el\u00e9ctricas no apropiadas, extensiones, ubicaci\u00f3n inapropiada, entre otros, es causal de perdida de la garant\u00eda la cual NO ser\u00e1 cubierta por la empresa y tendr\u00e1 un costo adicional por el servicio.<\/span><\/p>\n","protected":false},"excerpt":{"rendered":"<p>Las vitrinas sobremostrador son equipos dise\u00f1ados para ofrecer una m\u00e1xima exhibici\u00f3n de un reducido n\u00famero de productos de venta inmediata como es el caso de postres, s\u00e1ndwiches, l\u00e1cteos, bebidas, entre otros y que se puede ubicar sobre un mes\u00f3n, barra u otro equipo. El equipo opera a trav\u00e9s del sistema de refrigeraci\u00f3n por aire forzado &hellip;<\/p>\n","protected":false},"featured_media":1120,"comment_status":"closed","ping_status":"closed","template":"","meta":[],"product_brand":[],"product_cat":[16,21,22,19],"product_tag":[],"class_list":{"0":"post-2471","1":"product","2":"type-product","3":"status-publish","4":"has-post-thumbnail","6":"product_cat-1-linea-cafeteria-panaderia-salon-de-onces","7":"product_cat-3-linea-restaurantes-food-truck","8":"product_cat-equipos-para-restaurantes-y-cocinas","9":"product_cat-vitrina-pastelera","11":"first","12":"instock","13":"shipping-taxable","14":"product-type-simple"},"_links":{"self":[{"href":"https:\/\/refricolombia.com\/index.php\/wp-json\/wp\/v2\/product\/2471","targetHints":{"allow":["GET"]}}],"collection":[{"href":"https:\/\/refricolombia.com\/index.php\/wp-json\/wp\/v2\/product"}],"about":[{"href":"https:\/\/refricolombia.com\/index.php\/wp-json\/wp\/v2\/types\/product"}],"replies":[{"embeddable":true,"href":"https:\/\/refricolombia.com\/index.php\/wp-json\/wp\/v2\/comments?post=2471"}],"wp:featuredmedia":[{"embeddable":true,"href":"https:\/\/refricolombia.com\/index.php\/wp-json\/wp\/v2\/media\/1120"}],"wp:attachment":[{"href":"https:\/\/refricolombia.com\/index.php\/wp-json\/wp\/v2\/media?parent=2471"}],"wp:term":[{"taxonomy":"product_brand","embeddable":true,"href":"https:\/\/refricolombia.com\/index.php\/wp-json\/wp\/v2\/product_brand?post=2471"},{"taxonomy":"product_cat","embeddable":true,"href":"https:\/\/refricolombia.com\/index.php\/wp-json\/wp\/v2\/product_cat?post=2471"},{"taxonomy":"product_tag","embeddable":true,"href":"https:\/\/refricolombia.com\/index.php\/wp-json\/wp\/v2\/product_tag?post=2471"}],"curies":[{"name":"wp","href":"https:\/\/api.w.org\/{rel}","templated":true}]}}