{"id":839,"date":"2020-04-20T17:17:19","date_gmt":"2020-04-20T22:17:19","guid":{"rendered":"https:\/\/refricolombia.com\/?post_type=product&#038;p=839"},"modified":"2025-09-10T13:54:06","modified_gmt":"2025-09-10T18:54:06","slug":"nevera-gemela","status":"publish","type":"product","link":"https:\/\/refricolombia.com\/index.php\/producto\/nevera-gemela\/","title":{"rendered":"NEVERA GEMELA"},"content":{"rendered":"<p style=\"line-height: 18.0pt; background: white; margin: 1.5pt 0cm 9.6pt 0cm;\"><span style=\"font-size: 12pt; font-family: helvetica, arial, sans-serif; color: #32373c;\">Las neveras de exhibici\u00f3n <strong>gemelas<\/strong> son equipos que manejan espacios completamente independientes para exhibici\u00f3n de producto a temperaturas distintas. Pr\u00e1cticamente es disponer de 2 o 3 neveras en una sola!!<\/span><\/p>\n<p style=\"line-height: 18.0pt; background: white; overflow-wrap: break-word; font-variant-ligatures: normal; font-variant-caps: normal; orphans: 2; text-align: start; widows: 2; -webkit-text-stroke-width: 0px; text-decoration-style: initial; text-decoration-color: initial; word-spacing: 0px; margin: 1.5pt 0cm 9.6pt 0cm;\"><span style=\"font-size: 12pt; font-family: helvetica, arial, sans-serif; color: #32373c;\">En nuestra empresa procuramos siempre cumplir con las normas de salubridad e higiene de los productos, por lo cual NO usamos l\u00e1minas o vidrios internos para crear 2 ambientes con lo que se puede producir a una contaminaci\u00f3n cruzada al interior del equipo, poniendo en riesgo la calidad de los productos que se encuentren al interior del equipo y la salud de los clientes. En nuestras neveras gemelas la separaci\u00f3n es total ya que se hacen los compartimentos totalmente independientes a fin que no haya posibilidad alguna que exista alguna forma en que olores o l\u00edquidos pasen de un compartimento al otro, no hay comunicaci\u00f3n entre s\u00ed y de esta forma garantizamos el cumplimiento de las mismas.<\/span><\/p>\n<p style=\"line-height: 18.0pt; background: white; overflow-wrap: break-word; font-variant-ligatures: normal; font-variant-caps: normal; orphans: 2; text-align: start; widows: 2; -webkit-text-stroke-width: 0px; text-decoration-style: initial; text-decoration-color: initial; word-spacing: 0px; margin: 1.5pt 0cm 9.6pt 0cm;\"><span style=\"font-size: 12pt; font-family: helvetica, arial, sans-serif; color: #32373c;\">Este tipo de equipos por lo general poseen bodega, por lo tanto tiene una parte para exhibici\u00f3n de los productos en la parte superior mientras que en la parte inferior se dispone de un espacio cerrado para el almacenamiento de producto. Se utiliza ampliamente en mini mercados, tiendas y expendios de carne donde se debe manejar los productos por separado, tal es el caso de l\u00e1cteos \/ pollo o carne, pollo o carne y pescado, pollo \/ carne, etc.<\/span><\/p>\n<p style=\"line-height: 18.0pt; background: white; overflow-wrap: break-word; font-variant-ligatures: normal; font-variant-caps: normal; orphans: 2; text-align: start; widows: 2; -webkit-text-stroke-width: 0px; text-decoration-style: initial; text-decoration-color: initial; word-spacing: 0px; margin: 1.5pt 0cm 9.6pt 0cm;\"><span style=\"font-size: 12pt; font-family: helvetica, arial, sans-serif; color: #32373c;\">Cuando el equipo es para refrigeraci\u00f3n se puede manejar por tuber\u00eda (forma una leve escarcha y los entrepa\u00f1os pueden permanecer h\u00famedos) o por sistema de aire forzado donde los entrepa\u00f1os permanecen completamente secos. La bodega siempre tendr\u00e1 el sistema de fr\u00edo a trav\u00e9s de contacto directo por tuber\u00eda.<\/span><\/p>\n<p style=\"line-height: 18.0pt; background: white; overflow-wrap: break-word; font-variant-ligatures: normal; font-variant-caps: normal; orphans: 2; text-align: start; widows: 2; -webkit-text-stroke-width: 0px; text-decoration-style: initial; text-decoration-color: initial; word-spacing: 0px; margin: 1.5pt 0cm 9.6pt 0cm;\"><span style=\"font-size: 12pt; font-family: helvetica, arial, sans-serif; color: #32373c;\">Este tipo de equipos se pueden dise\u00f1ar bien sea empleando el vidrio empachado completamente plano que es formato tradicional o vidrio curvo el cual resalta el equipo y lo hace m\u00e1s atractivo hacia el cliente.<\/span><\/p>\n<p style=\"line-height: 18.0pt; background: white; overflow-wrap: break-word; font-variant-ligatures: normal; font-variant-caps: normal; orphans: 2; text-align: start; widows: 2; -webkit-text-stroke-width: 0px; text-decoration-style: initial; text-decoration-color: initial; word-spacing: 0px; margin: 1.5pt 0cm 9.6pt 0cm;\"><span style=\"font-size: 12pt; font-family: helvetica, arial, sans-serif; color: #32373c;\">La unidad se puede colocar en el interior del equipo (unidad incorporada) o dentro del casillero que obedece al mueble donde se coloca la caja registradora o pesa. La ubicaci\u00f3n del mueble va acorde a la necesidad del cliente.<\/span><\/p>\n<p style=\"line-height: 18.0pt; background: white; overflow-wrap: break-word; font-variant-ligatures: normal; font-variant-caps: normal; orphans: 2; text-align: start; widows: 2; -webkit-text-stroke-width: 0px; text-decoration-style: initial; text-decoration-color: initial; word-spacing: 0px; margin: 1.5pt 0cm 9.6pt 0cm;\"><span style=\"font-size: 12pt; font-family: helvetica, arial, sans-serif; color: #32373c;\">El tama\u00f1o del equipo depende de la cantidad de bandejas que se coloquen en el tendido interior, por lo cual su precio obedece a la longitud del tendido y modelo del vidrio.<\/span><\/p>\n<p><span style=\"font-family: helvetica, arial, sans-serif; font-size: 12pt;\">A continuaci\u00f3n podr\u00e1 observar algunos modelos de nuestros equipos y sus caracter\u00edsticas generales.<\/span><\/p>\n<p>&nbsp;<\/p>\n<ul>\n<li><span style=\"font-family: helvetica, arial, sans-serif; font-size: 12pt;\">Equipo elaborado en acero inoxidable satinado o brillante.<\/span><\/li>\n<li><span style=\"font-family: helvetica, arial, sans-serif; font-size: 12pt;\">Atura total standar de 130 cm con lo cual se manejan 2 entrepa\u00f1os y el tendido (3 espacios o niveles) para la exhibici\u00f3n de producto.<\/span><\/li>\n<li><span style=\"font-family: helvetica, arial, sans-serif; font-size: 12pt;\">Si el equipo se requiere de 150 cm de altura, se manejan 3 entrepa\u00f1os\u00a0 y el tendido (4 espacios o niveles ) para la exhibici\u00f3n de producto.<\/span><\/li>\n<li><span style=\"font-family: helvetica, arial, sans-serif; font-size: 12pt;\">El vidrio siempre es empachado y puede ser plano (tradicional) o vidrio curvo.<\/span><\/li>\n<li><span style=\"font-family: helvetica, arial, sans-serif; font-size: 12pt;\">Aislamiento por inyecci\u00f3n de poliuretano de alta densidad y libre de CFC\u00b4s<\/span><\/li>\n<li><span style=\"font-family: helvetica, arial, sans-serif; font-size: 12pt;\">Equipo operado con motocompresor Tecumseh de \u00faltima generaci\u00f3n a 110V.<\/span><\/li>\n<li><span style=\"font-family: helvetica, arial, sans-serif; font-size: 12pt;\">El sistema de refrigeraci\u00f3n se puede manejar a trav\u00e9s de aire forzado que da fr\u00edo uniforme a todos los entrepa\u00f1os y permanecen secos, o a trav\u00e9s de contacto por tuber\u00eda donde se presenta un fr\u00edo h\u00famedo. El sistema de congelaci\u00f3n siempre se trabaja a trav\u00e9s de contacto por tuber\u00eda fija (forma escarcha).<\/span><\/li>\n<li><span style=\"font-family: helvetica, arial, sans-serif; font-size: 12pt;\">Puertas selladas de m\u00e1xima apertura<\/span><\/li>\n<li><span style=\"font-family: helvetica, arial, sans-serif; font-size: 12pt;\">Equipo soportado sobre ruedas elaboradas PU con doble balinera.<\/span><\/li>\n<li><span style=\"font-family: helvetica, arial, sans-serif; font-size: 12pt;\">Unidad ubicada en al interior del equipo (incorporada), en el casillero o remota (externa al equipo)<\/span><\/li>\n<li><span style=\"font-family: helvetica, arial, sans-serif; font-size: 12pt;\">Control digital con indicador de temperatura.<\/span><\/li>\n<li><span style=\"font-family: helvetica, arial, sans-serif; font-size: 12pt;\">Operaci\u00f3n con control digital<\/span><\/li>\n<li><span style=\"font-family: helvetica, arial, sans-serif; font-size: 12pt;\">Protector de voltaje\u00a0 (colocado en equipos para clima c\u00e1lido)<\/span><\/li>\n<li><span style=\"font-family: helvetica, arial, sans-serif; font-size: 12pt;\">Luz interior LED.<\/span><\/li>\n<\/ul>\n<p>&nbsp;<\/p>\n<p><span style=\"font-family: helvetica, arial, sans-serif; font-size: 14pt;\">Somos <strong>directos fabricantes<\/strong> y elaboramos su equipo seg\u00fan las dimensiones que necesite.<\/span><\/p>\n<p>&nbsp;<\/p>\n<p><span style=\"font-size: 8pt; font-family: helvetica, arial, sans-serif;\">Todos nuestros equipos tienen garant\u00eda de 1 a\u00f1o por defectos de fabricaci\u00f3n y la misma depende del cumplimiento de las condiciones presentadas en el manual de instrucciones. El servicio t\u00e9cnico se realizar\u00e1 dentro del per\u00edmetro urbano de la ciudad de Bogot\u00e1; En caso que fuere necesario realizar un servicio fuera de Bogot\u00e1, la empresa asume el costo de las refacciones y el cliente asume el costo de los vi\u00e1ticos.<\/span><br \/>\n<span style=\"font-size: 8pt; font-family: helvetica, arial, sans-serif;\">En caso que el problema sea causado por falta de mantenimiento o una manipulaci\u00f3n inadecuada del equipo detallada en el manual de operaciones como es el caso de alteraci\u00f3n del control, cambios de voltaje o el uso de conexiones el\u00e9ctricas no apropiadas, extensiones, ubicaci\u00f3n inapropiada, entre otros, es causal de perdida de la garant\u00eda la cual NO ser\u00e1 cubierta por la empresa y tendr\u00e1 un costo adicional por el servicio.<\/span><\/p>\n","protected":false},"excerpt":{"rendered":"<p>Las neveras de exhibici\u00f3n gemelas son equipos que manejan espacios completamente independientes para exhibici\u00f3n de producto a temperaturas distintas. Pr\u00e1cticamente es disponer de 2 o 3 neveras en una sola!! En nuestra empresa procuramos siempre cumplir con las normas de salubridad e higiene de los productos, por lo cual NO usamos l\u00e1minas o vidrios internos &hellip;<\/p>\n","protected":false},"featured_media":840,"comment_status":"open","ping_status":"closed","template":"","meta":[],"product_brand":[],"product_cat":[20,17,24],"product_tag":[],"class_list":{"0":"post-839","1":"product","2":"type-product","3":"status-publish","4":"has-post-thumbnail","6":"product_cat-2-linea-carnicerias-fruteria-salsamentaria-tiendas","7":"product_cat-4-linea-institucional","8":"product_cat-nevera-horizontal-de-exhibicion","10":"first","11":"instock","12":"shipping-taxable","13":"product-type-simple"},"_links":{"self":[{"href":"https:\/\/refricolombia.com\/index.php\/wp-json\/wp\/v2\/product\/839","targetHints":{"allow":["GET"]}}],"collection":[{"href":"https:\/\/refricolombia.com\/index.php\/wp-json\/wp\/v2\/product"}],"about":[{"href":"https:\/\/refricolombia.com\/index.php\/wp-json\/wp\/v2\/types\/product"}],"replies":[{"embeddable":true,"href":"https:\/\/refricolombia.com\/index.php\/wp-json\/wp\/v2\/comments?post=839"}],"wp:featuredmedia":[{"embeddable":true,"href":"https:\/\/refricolombia.com\/index.php\/wp-json\/wp\/v2\/media\/840"}],"wp:attachment":[{"href":"https:\/\/refricolombia.com\/index.php\/wp-json\/wp\/v2\/media?parent=839"}],"wp:term":[{"taxonomy":"product_brand","embeddable":true,"href":"https:\/\/refricolombia.com\/index.php\/wp-json\/wp\/v2\/product_brand?post=839"},{"taxonomy":"product_cat","embeddable":true,"href":"https:\/\/refricolombia.com\/index.php\/wp-json\/wp\/v2\/product_cat?post=839"},{"taxonomy":"product_tag","embeddable":true,"href":"https:\/\/refricolombia.com\/index.php\/wp-json\/wp\/v2\/product_tag?post=839"}],"curies":[{"name":"wp","href":"https:\/\/api.w.org\/{rel}","templated":true}]}}